{"id":17118,"date":"2025-07-24T12:22:31","date_gmt":"2025-07-24T12:22:31","guid":{"rendered":"https:\/\/jaguarembalagens.com.br\/?post_type=product&#038;p=17118"},"modified":"2025-09-17T23:08:26","modified_gmt":"2025-09-17T23:08:26","slug":"copo-220ml","status":"publish","type":"product","link":"https:\/\/jaguarembalagens.com.br\/es\/producto\/copo-220ml\/","title":{"rendered":"Copo 220mL"},"content":{"rendered":"<div class=\"elementor-column elementor-col-33 elementor-inner-column elementor-element elementor-element-d2565be\" data-id=\"d2565be\" data-element_type=\"column\">\n<div class=\"elementor-widget-wrap elementor-element-populated\">\n<div class=\"elementor-element elementor-element-d0b3dbd elementor-widget elementor-widget-text-editor\" data-id=\"d0b3dbd\" data-element_type=\"widget\" data-widget_type=\"text-editor.default\">\n<div class=\"elementor-widget-container\">Di\u00e2metro: 68,5mm<\/div>\n<div class=\"elementor-widget-container\">Altura: 94mm<\/div>\n<div class=\"elementor-widget-container\">Envase para at\u00e9 90\u00b0C<\/div>\n<div class=\"elementor-widget-container\">Copo e tampa em PP<\/div>\n<div class=\"elementor-widget-container\">Com aba para selagem<\/div>\n<div class=\"elementor-widget-container\">Decora\u00e7\u00e3o: r\u00f3tulo adesivo<\/div>\n<\/div>\n<\/div>\n<\/div>\n<div class=\"elementor-column elementor-col-33 elementor-inner-column elementor-element elementor-element-3c1f3b9\" data-id=\"3c1f3b9\" data-element_type=\"column\">\n<div class=\"elementor-widget-wrap elementor-element-populated\">\n<div class=\"elementor-element elementor-element-8469f9d elementor-widget elementor-widget-spacer\" data-id=\"8469f9d\" data-element_type=\"widget\" data-widget_type=\"spacer.default\">\n<div class=\"elementor-widget-container\">\n<div class=\"elementor-spacer\"><\/div>\n<\/div>\n<\/div>\n<\/div>\n<\/div>","protected":false},"excerpt":{"rendered":"<p>Di\u00e2metro: 68,5mm Altura: 94mm Envase para at\u00e9 90\u00b0C Copo e tampa em PP Com aba para selagem Decora\u00e7\u00e3o: r\u00f3tulo adesivo<\/p>","protected":false},"featured_media":17765,"comment_status":"open","ping_status":"closed","template":"","meta":{"_joinchat":[]},"product_brand":[],"product_cat":[158],"product_tag":[],"class_list":{"0":"post-17118","1":"product","2":"type-product","3":"status-publish","4":"has-post-thumbnail","6":"product_cat-produto-standard","8":"first","9":"instock","10":"shipping-taxable","11":"product-type-simple"},"_links":{"self":[{"href":"https:\/\/jaguarembalagens.com.br\/es\/wp-json\/wp\/v2\/product\/17118","targetHints":{"allow":["GET"]}}],"collection":[{"href":"https:\/\/jaguarembalagens.com.br\/es\/wp-json\/wp\/v2\/product"}],"about":[{"href":"https:\/\/jaguarembalagens.com.br\/es\/wp-json\/wp\/v2\/types\/product"}],"replies":[{"embeddable":true,"href":"https:\/\/jaguarembalagens.com.br\/es\/wp-json\/wp\/v2\/comments?post=17118"}],"wp:featuredmedia":[{"embeddable":true,"href":"https:\/\/jaguarembalagens.com.br\/es\/wp-json\/wp\/v2\/media\/17765"}],"wp:attachment":[{"href":"https:\/\/jaguarembalagens.com.br\/es\/wp-json\/wp\/v2\/media?parent=17118"}],"wp:term":[{"taxonomy":"product_brand","embeddable":true,"href":"https:\/\/jaguarembalagens.com.br\/es\/wp-json\/wp\/v2\/product_brand?post=17118"},{"taxonomy":"product_cat","embeddable":true,"href":"https:\/\/jaguarembalagens.com.br\/es\/wp-json\/wp\/v2\/product_cat?post=17118"},{"taxonomy":"product_tag","embeddable":true,"href":"https:\/\/jaguarembalagens.com.br\/es\/wp-json\/wp\/v2\/product_tag?post=17118"}],"curies":[{"name":"wp","href":"https:\/\/api.w.org\/{rel}","templated":true}]}}