{"id":17041,"date":"2025-07-24T11:37:53","date_gmt":"2025-07-24T11:37:53","guid":{"rendered":"https:\/\/jaguarembalagens.com.br\/?post_type=product&#038;p=17041"},"modified":"2025-09-29T11:38:03","modified_gmt":"2025-09-29T11:38:03","slug":"balde-22l-v2","status":"publish","type":"product","link":"https:\/\/jaguarembalagens.com.br\/es\/producto\/balde-22l-v2\/","title":{"rendered":"Cubo 22L V2"},"content":{"rendered":"<p><img decoding=\"async\" class=\"alignnone wp-image-17037\" src=\"https:\/\/jaguarembalagens.com.br\/wp-content\/uploads\/2025\/07\/TAMPAS_BALDE_3-1.png\" alt=\"\" width=\"139\" height=\"55\" \/><\/p>\n<p>315,5 x 260,0 x 420,5mm<\/p>\n<p><strong>Capacidade total:\u00a0<\/strong>24 litros<\/p>\n<p><strong>Empilhamento m\u00e1ximo:<\/strong>\u00a003 un.<\/p>\n<p><strong>Al\u00e7a:<\/strong>\u00a0Pl\u00e1stica e Met\u00e1lica<\/p>\n<p><strong>Decora\u00e7\u00e3o:<\/strong> Offset<\/p>","protected":false},"excerpt":{"rendered":"<p>315,5 x 260,0 x 420,5mm Capacidade total:\u00a024 litros Empilhamento m\u00e1ximo:\u00a003 un. Al\u00e7a:\u00a0Pl\u00e1stica e Met\u00e1lica Decora\u00e7\u00e3o: Offset<\/p>","protected":false},"featured_media":17741,"comment_status":"open","ping_status":"closed","template":"","meta":{"_joinchat":[]},"product_brand":[],"product_cat":[156],"product_tag":[],"class_list":{"0":"post-17041","1":"product","2":"type-product","3":"status-publish","4":"has-post-thumbnail","6":"product_cat-baldes-industriais-2","8":"first","9":"instock","10":"shipping-taxable","11":"product-type-simple"},"_links":{"self":[{"href":"https:\/\/jaguarembalagens.com.br\/es\/wp-json\/wp\/v2\/product\/17041","targetHints":{"allow":["GET"]}}],"collection":[{"href":"https:\/\/jaguarembalagens.com.br\/es\/wp-json\/wp\/v2\/product"}],"about":[{"href":"https:\/\/jaguarembalagens.com.br\/es\/wp-json\/wp\/v2\/types\/product"}],"replies":[{"embeddable":true,"href":"https:\/\/jaguarembalagens.com.br\/es\/wp-json\/wp\/v2\/comments?post=17041"}],"wp:featuredmedia":[{"embeddable":true,"href":"https:\/\/jaguarembalagens.com.br\/es\/wp-json\/wp\/v2\/media\/17741"}],"wp:attachment":[{"href":"https:\/\/jaguarembalagens.com.br\/es\/wp-json\/wp\/v2\/media?parent=17041"}],"wp:term":[{"taxonomy":"product_brand","embeddable":true,"href":"https:\/\/jaguarembalagens.com.br\/es\/wp-json\/wp\/v2\/product_brand?post=17041"},{"taxonomy":"product_cat","embeddable":true,"href":"https:\/\/jaguarembalagens.com.br\/es\/wp-json\/wp\/v2\/product_cat?post=17041"},{"taxonomy":"product_tag","embeddable":true,"href":"https:\/\/jaguarembalagens.com.br\/es\/wp-json\/wp\/v2\/product_tag?post=17041"}],"curies":[{"name":"wp","href":"https:\/\/api.w.org\/{rel}","templated":true}]}}