{"id":17026,"date":"2025-07-24T11:31:45","date_gmt":"2025-07-24T11:31:45","guid":{"rendered":"https:\/\/jaguarembalagens.com.br\/?post_type=product&#038;p=17026"},"modified":"2025-09-29T12:34:57","modified_gmt":"2025-09-29T12:34:57","slug":"balde-12l-v2","status":"publish","type":"product","link":"https:\/\/jaguarembalagens.com.br\/es\/producto\/balde-12l-v2\/","title":{"rendered":"Cubo de 12 litros - V2"},"content":{"rendered":"<div class=\"elementor-column elementor-col-25 elementor-top-column elementor-element elementor-element-7fb2f16\" data-id=\"7fb2f16\" data-element_type=\"column\" data-settings=\"{&quot;background_background&quot;:&quot;classic&quot;}\">\n<div class=\"elementor-widget-wrap elementor-element-populated\">\n<div class=\"elementor-element elementor-element-79b73e8 elementor-widget elementor-widget-heading\" data-id=\"79b73e8\" data-element_type=\"widget\" data-widget_type=\"heading.default\">\n<div class=\"elementor-widget-container\">\n<h3 class=\"elementor-heading-title elementor-size-default\"><img decoding=\"async\" class=\"alignnone wp-image-17018\" src=\"https:\/\/jaguarembalagens.com.br\/wp-content\/uploads\/2025\/07\/TAMPAS_BALDE_2-1-1.png\" alt=\"\" width=\"128\" height=\"73\" \/><\/h3>\n<\/div>\n<\/div>\n<div class=\"elementor-element elementor-element-0fe792e elementor-widget elementor-widget-text-editor\" data-id=\"0fe792e\" data-element_type=\"widget\" data-widget_type=\"text-editor.default\">\n<div class=\"elementor-widget-container\">\n<p class=\"cvGsUA direction-ltr align-start para-style-body\"><span class=\"a_GcMg font-feature-liga-off font-feature-clig-off font-feature-calt-off text-decoration-none text-strikethrough-none\">272 x 283,2 mm <\/span><\/p>\n<p class=\"cvGsUA direction-ltr align-start para-style-body\"><span class=\"a_GcMg font-feature-liga-off font-feature-clig-off font-feature-calt-off text-decoration-none text-strikethrough-none\"><strong>Volumen O.F:<\/strong> 13,1 litros <\/span><\/p>\n<p class=\"cvGsUA direction-ltr align-start para-style-body\"><span class=\"a_GcMg font-feature-liga-off font-feature-clig-off font-feature-calt-off text-decoration-none text-strikethrough-none\"><strong>Apilado m\u00e1ximo<\/strong>: 04 un. <\/span><\/p>\n<p class=\"cvGsUA direction-ltr align-start para-style-body\"><span class=\"a_GcMg font-feature-liga-off font-feature-clig-off font-feature-calt-off text-decoration-none text-strikethrough-none\"><strong>Mango<\/strong>: Pl\u00e1sticos<\/span><\/p>\n<p class=\"cvGsUA direction-ltr align-start para-style-body\"><span class=\"a_GcMg font-feature-liga-off font-feature-clig-off font-feature-calt-off text-decoration-none text-strikethrough-none\"><strong>Decoraci\u00f3n<\/strong>: IML e offset<\/span><\/p>\n<\/div>\n<\/div>\n<\/div>\n<\/div>","protected":false},"excerpt":{"rendered":"<p>272 x 283,2 mm Volume O.F: 13,1 litros Empilhamento m\u00e1ximo: 04 un. Al\u00e7a: Pl\u00e1stica Decora\u00e7\u00e3o: IML e offset<\/p>","protected":false},"featured_media":17747,"comment_status":"open","ping_status":"closed","template":"","meta":{"_joinchat":[]},"product_brand":[],"product_cat":[156],"product_tag":[],"class_list":{"0":"post-17026","1":"product","2":"type-product","3":"status-publish","4":"has-post-thumbnail","6":"product_cat-baldes-industriais-2","8":"first","9":"instock","10":"shipping-taxable","11":"product-type-simple"},"_links":{"self":[{"href":"https:\/\/jaguarembalagens.com.br\/es\/wp-json\/wp\/v2\/product\/17026","targetHints":{"allow":["GET"]}}],"collection":[{"href":"https:\/\/jaguarembalagens.com.br\/es\/wp-json\/wp\/v2\/product"}],"about":[{"href":"https:\/\/jaguarembalagens.com.br\/es\/wp-json\/wp\/v2\/types\/product"}],"replies":[{"embeddable":true,"href":"https:\/\/jaguarembalagens.com.br\/es\/wp-json\/wp\/v2\/comments?post=17026"}],"wp:featuredmedia":[{"embeddable":true,"href":"https:\/\/jaguarembalagens.com.br\/es\/wp-json\/wp\/v2\/media\/17747"}],"wp:attachment":[{"href":"https:\/\/jaguarembalagens.com.br\/es\/wp-json\/wp\/v2\/media?parent=17026"}],"wp:term":[{"taxonomy":"product_brand","embeddable":true,"href":"https:\/\/jaguarembalagens.com.br\/es\/wp-json\/wp\/v2\/product_brand?post=17026"},{"taxonomy":"product_cat","embeddable":true,"href":"https:\/\/jaguarembalagens.com.br\/es\/wp-json\/wp\/v2\/product_cat?post=17026"},{"taxonomy":"product_tag","embeddable":true,"href":"https:\/\/jaguarembalagens.com.br\/es\/wp-json\/wp\/v2\/product_tag?post=17026"}],"curies":[{"name":"wp","href":"https:\/\/api.w.org\/{rel}","templated":true}]}}