{"id":17022,"date":"2025-07-24T11:29:33","date_gmt":"2025-07-24T11:29:33","guid":{"rendered":"https:\/\/jaguarembalagens.com.br\/?post_type=product&#038;p=17022"},"modified":"2025-09-29T12:30:53","modified_gmt":"2025-09-29T12:30:53","slug":"balde-10l","status":"publish","type":"product","link":"https:\/\/jaguarembalagens.com.br\/es\/producto\/balde-10l\/","title":{"rendered":"Cubo de 10 litros"},"content":{"rendered":"<div class=\"elementor-element elementor-element-6ea9a80c elementor-widget elementor-widget-heading\" data-id=\"6ea9a80c\" data-element_type=\"widget\" data-widget_type=\"heading.default\">\n<div class=\"elementor-widget-container\">\n<h3 class=\"elementor-heading-title elementor-size-default\"><img decoding=\"async\" class=\"alignnone wp-image-17018\" src=\"https:\/\/jaguarembalagens.com.br\/wp-content\/uploads\/2025\/07\/TAMPAS_BALDE_2-1-1.png\" alt=\"\" width=\"123\" height=\"70\" \/><\/h3>\n<\/div>\n<\/div>\n<div class=\"elementor-element elementor-element-ecb59be elementor-widget elementor-widget-text-editor\" data-id=\"ecb59be\" data-element_type=\"widget\" data-widget_type=\"text-editor.default\">\n<div class=\"elementor-widget-container\">\n<p class=\"cvGsUA direction-ltr align-start para-style-body\"><span class=\"a_GcMg font-feature-liga-off font-feature-clig-off font-feature-calt-off text-decoration-none text-strikethrough-none\">279,5 x 232,2 mm <\/span><\/p>\n<p class=\"cvGsUA direction-ltr align-start para-style-body\"><span class=\"a_GcMg font-feature-liga-off font-feature-clig-off font-feature-calt-off text-decoration-none text-strikethrough-none\"><strong>Volumen O.F:<\/strong> 10,8 litros <\/span><\/p>\n<p class=\"cvGsUA direction-ltr align-start para-style-body\"><span class=\"a_GcMg font-feature-liga-off font-feature-clig-off font-feature-calt-off text-decoration-none text-strikethrough-none\"><strong>Apilado m\u00e1ximo<\/strong>: 05 uds. <\/span><\/p>\n<p class=\"cvGsUA direction-ltr align-start para-style-body\"><span class=\"a_GcMg font-feature-liga-off font-feature-clig-off font-feature-calt-off text-decoration-none text-strikethrough-none\"><strong>Mango<\/strong>: Pl\u00e1sticos<\/span><\/p>\n<p class=\"cvGsUA direction-ltr align-start para-style-body\"><span class=\"a_GcMg font-feature-liga-off font-feature-clig-off font-feature-calt-off text-decoration-none text-strikethrough-none\"><strong>Decoraci\u00f3n<\/strong>: offset<\/span><\/p>\n<\/div>\n<\/div>","protected":false},"excerpt":{"rendered":"<p>279,5 x 232,2 mm Volume O.F: 10,8 litros Empilhamento m\u00e1ximo: 05 un. Al\u00e7a: Pl\u00e1stica Decora\u00e7\u00e3o: offset<\/p>","protected":false},"featured_media":17749,"comment_status":"open","ping_status":"closed","template":"","meta":{"_joinchat":[]},"product_brand":[],"product_cat":[156],"product_tag":[],"class_list":{"0":"post-17022","1":"product","2":"type-product","3":"status-publish","4":"has-post-thumbnail","6":"product_cat-baldes-industriais-2","8":"first","9":"instock","10":"shipping-taxable","11":"product-type-simple"},"_links":{"self":[{"href":"https:\/\/jaguarembalagens.com.br\/es\/wp-json\/wp\/v2\/product\/17022","targetHints":{"allow":["GET"]}}],"collection":[{"href":"https:\/\/jaguarembalagens.com.br\/es\/wp-json\/wp\/v2\/product"}],"about":[{"href":"https:\/\/jaguarembalagens.com.br\/es\/wp-json\/wp\/v2\/types\/product"}],"replies":[{"embeddable":true,"href":"https:\/\/jaguarembalagens.com.br\/es\/wp-json\/wp\/v2\/comments?post=17022"}],"wp:featuredmedia":[{"embeddable":true,"href":"https:\/\/jaguarembalagens.com.br\/es\/wp-json\/wp\/v2\/media\/17749"}],"wp:attachment":[{"href":"https:\/\/jaguarembalagens.com.br\/es\/wp-json\/wp\/v2\/media?parent=17022"}],"wp:term":[{"taxonomy":"product_brand","embeddable":true,"href":"https:\/\/jaguarembalagens.com.br\/es\/wp-json\/wp\/v2\/product_brand?post=17022"},{"taxonomy":"product_cat","embeddable":true,"href":"https:\/\/jaguarembalagens.com.br\/es\/wp-json\/wp\/v2\/product_cat?post=17022"},{"taxonomy":"product_tag","embeddable":true,"href":"https:\/\/jaguarembalagens.com.br\/es\/wp-json\/wp\/v2\/product_tag?post=17022"}],"curies":[{"name":"wp","href":"https:\/\/api.w.org\/{rel}","templated":true}]}}