{"id":17001,"date":"2025-07-24T01:22:34","date_gmt":"2025-07-24T01:22:34","guid":{"rendered":"https:\/\/jaguarembalagens.com.br\/?post_type=product&#038;p=17001"},"modified":"2025-09-29T12:47:30","modified_gmt":"2025-09-29T12:47:30","slug":"balde-32l","status":"publish","type":"product","link":"https:\/\/jaguarembalagens.com.br\/es\/producto\/balde-32l\/","title":{"rendered":"Cubo de 3,2 litros"},"content":{"rendered":"<h3 class=\"elementor-heading-title elementor-size-default\"><img decoding=\"async\" class=\"alignnone wp-image-17003\" style=\"font-size: 16px;\" src=\"https:\/\/jaguarembalagens.com.br\/wp-content\/uploads\/2025\/07\/TAMPAS_BALDE_1_R-1.png\" alt=\"\" width=\"57\" height=\"57\" srcset=\"https:\/\/jaguarembalagens.com.br\/wp-content\/uploads\/2025\/07\/TAMPAS_BALDE_1_R-1.png 104w, https:\/\/jaguarembalagens.com.br\/wp-content\/uploads\/2025\/07\/TAMPAS_BALDE_1_R-1-100x100.png 100w\" sizes=\"(max-width: 57px) 100vw, 57px\" \/><\/h3>\n<p class=\"cvGsUA direction-ltr align-start para-style-body\"><span class=\"a_GcMg font-feature-liga-off font-feature-clig-off font-feature-calt-off text-decoration-none text-strikethrough-none\">187,0 x 175,0 mm <\/span><\/p>\n<p class=\"cvGsUA direction-ltr align-start para-style-body\"><span class=\"a_GcMg font-feature-liga-off font-feature-clig-off font-feature-calt-off text-decoration-none text-strikethrough-none\"><strong>Volumen O.F:<\/strong> 3,6 litros <\/span><\/p>\n<p class=\"cvGsUA direction-ltr align-start para-style-body\"><span class=\"a_GcMg font-feature-liga-off font-feature-clig-off font-feature-calt-off text-decoration-none text-strikethrough-none\"><strong>Empilhamento m\u00e1ximo:<\/strong> 06 un. <\/span><\/p>\n<p class=\"cvGsUA direction-ltr align-start para-style-body\"><span class=\"a_GcMg font-feature-liga-off font-feature-clig-off font-feature-calt-off text-decoration-none text-strikethrough-none\"><strong>Mango<\/strong>: Pl\u00e1sticos<\/span><\/p>\n<p class=\"cvGsUA direction-ltr align-start para-style-body\"><span class=\"a_GcMg font-feature-liga-off font-feature-clig-off font-feature-calt-off text-decoration-none text-strikethrough-none\"><strong>Decoraci\u00f3n<\/strong>: offset<\/span><\/p>","protected":false},"excerpt":{"rendered":"<p>187,0 x 175,0 mm Volume O.F: 3,6 litros Empilhamento m\u00e1ximo: 06 un. Al\u00e7a: Pl\u00e1stica Decora\u00e7\u00e3o: offset<\/p>","protected":false},"featured_media":18068,"comment_status":"open","ping_status":"closed","template":"","meta":{"_joinchat":[]},"product_brand":[],"product_cat":[156],"product_tag":[],"class_list":{"0":"post-17001","1":"product","2":"type-product","3":"status-publish","4":"has-post-thumbnail","6":"product_cat-baldes-industriais-2","8":"first","9":"instock","10":"shipping-taxable","11":"product-type-simple"},"_links":{"self":[{"href":"https:\/\/jaguarembalagens.com.br\/es\/wp-json\/wp\/v2\/product\/17001","targetHints":{"allow":["GET"]}}],"collection":[{"href":"https:\/\/jaguarembalagens.com.br\/es\/wp-json\/wp\/v2\/product"}],"about":[{"href":"https:\/\/jaguarembalagens.com.br\/es\/wp-json\/wp\/v2\/types\/product"}],"replies":[{"embeddable":true,"href":"https:\/\/jaguarembalagens.com.br\/es\/wp-json\/wp\/v2\/comments?post=17001"}],"wp:featuredmedia":[{"embeddable":true,"href":"https:\/\/jaguarembalagens.com.br\/es\/wp-json\/wp\/v2\/media\/18068"}],"wp:attachment":[{"href":"https:\/\/jaguarembalagens.com.br\/es\/wp-json\/wp\/v2\/media?parent=17001"}],"wp:term":[{"taxonomy":"product_brand","embeddable":true,"href":"https:\/\/jaguarembalagens.com.br\/es\/wp-json\/wp\/v2\/product_brand?post=17001"},{"taxonomy":"product_cat","embeddable":true,"href":"https:\/\/jaguarembalagens.com.br\/es\/wp-json\/wp\/v2\/product_cat?post=17001"},{"taxonomy":"product_tag","embeddable":true,"href":"https:\/\/jaguarembalagens.com.br\/es\/wp-json\/wp\/v2\/product_tag?post=17001"}],"curies":[{"name":"wp","href":"https:\/\/api.w.org\/{rel}","templated":true}]}}