{"id":13091,"date":"2025-06-16T21:24:48","date_gmt":"2025-06-16T21:24:48","guid":{"rendered":"https:\/\/jaguarembalagens.com.br\/?page_id=13091"},"modified":"2026-01-19T14:35:56","modified_gmt":"2026-01-19T14:35:56","slug":"news","status":"publish","type":"page","link":"https:\/\/jaguarembalagens.com.br\/es\/news\/","title":{"rendered":"Noticias"},"content":{"rendered":"<div data-elementor-type=\"wp-page\" data-elementor-id=\"13091\" class=\"elementor elementor-13091\" data-elementor-post-type=\"page\">\n\t\t\t\t<div class=\"elementor-element elementor-element-14b0308 e-flex e-con-boxed e-con e-parent\" data-id=\"14b0308\" data-element_type=\"container\" data-settings=\"{&quot;background_background&quot;:&quot;classic&quot;}\">\n\t\t\t\t\t<div class=\"e-con-inner\">\n\t\t<div class=\"elementor-element elementor-element-dd28a77 e-con-full e-flex e-con e-child\" data-id=\"dd28a77\" data-element_type=\"container\">\n\t\t\t\t<div class=\"elementor-element elementor-element-6e1db43 elementor-widget elementor-widget-heading\" data-id=\"6e1db43\" data-element_type=\"widget\" data-settings=\"{&quot;_animation&quot;:&quot;none&quot;}\" data-widget_type=\"heading.default\">\n\t\t\t\t<div class=\"elementor-widget-container\">\n\t\t\t\t\t<h1 class=\"elementor-heading-title elementor-size-default\">Jaguar News<\/h1>\t\t\t\t<\/div>\n\t\t\t\t<\/div>\n\t\t\t\t<div class=\"elementor-element elementor-element-85c46bf elementor-invisible elementor-widget elementor-widget-heading\" data-id=\"85c46bf\" data-element_type=\"widget\" data-settings=\"{&quot;_animation&quot;:&quot;fadeInRight&quot;}\" data-widget_type=\"heading.default\">\n\t\t\t\t<div class=\"elementor-widget-container\">\n\t\t\t\t\t<h4 class=\"elementor-heading-title elementor-size-default\">As novidades da Jaguar Embalagens<\/h4>\t\t\t\t<\/div>\n\t\t\t\t<\/div>\n\t\t\t\t<\/div>\n\t\t\t\t\t<\/div>\n\t\t\t\t<\/div>\n\t\t<div class=\"elementor-element elementor-element-ba128f8 e-flex e-con-boxed e-con e-parent\" data-id=\"ba128f8\" data-element_type=\"container\">\n\t\t\t\t\t<div class=\"e-con-inner\">\n\t\t\t\t<div class=\"elementor-element elementor-element-771483a elementor-posts__hover-none elementor-grid-3 elementor-grid-tablet-2 elementor-grid-mobile-1 elementor-posts--thumbnail-top elementor-card-shadow-yes load-more-align-center elementor-widget elementor-widget-posts\" data-id=\"771483a\" data-element_type=\"widget\" data-settings=\"{&quot;pagination_type&quot;:&quot;load_more_on_click&quot;,&quot;cards_columns&quot;:&quot;3&quot;,&quot;cards_columns_tablet&quot;:&quot;2&quot;,&quot;cards_columns_mobile&quot;:&quot;1&quot;,&quot;cards_row_gap&quot;:{&quot;unit&quot;:&quot;px&quot;,&quot;size&quot;:35,&quot;sizes&quot;:[]},&quot;cards_row_gap_tablet&quot;:{&quot;unit&quot;:&quot;px&quot;,&quot;size&quot;:&quot;&quot;,&quot;sizes&quot;:[]},&quot;cards_row_gap_mobile&quot;:{&quot;unit&quot;:&quot;px&quot;,&quot;size&quot;:&quot;&quot;,&quot;sizes&quot;:[]},&quot;load_more_spinner&quot;:{&quot;value&quot;:&quot;fas fa-spinner&quot;,&quot;library&quot;:&quot;fa-solid&quot;}}\" data-widget_type=\"posts.cards\">\n\t\t\t\t<div class=\"elementor-widget-container\">\n\t\t\t\t\t\t\t<div class=\"elementor-posts-container elementor-posts elementor-posts--skin-cards elementor-grid\" role=\"list\">\r\n\t\t\t\t<article class=\"elementor-post elementor-grid-item post-5660 post type-post status-publish format-standard has-post-thumbnail hentry category-lancamentos\" role=\"listitem\">\r\n\t\t\t<div class=\"elementor-post__card\">\r\n\t\t\t\t<a class=\"elementor-post__thumbnail__link\" href=\"https:\/\/jaguarembalagens.com.br\/es\/por-dentro-do-grupo-jaguar-plasticos\/\" tabindex=\"-1\" ><div class=\"elementor-post__thumbnail\"><img fetchpriority=\"high\" decoding=\"async\" width=\"1024\" height=\"530\" src=\"https:\/\/jaguarembalagens.com.br\/wp-content\/uploads\/2022\/10\/WhatsApp-Image-2022-10-14-at-09.10.07-1-1024x530-1.jpeg\" class=\"attachment-full size-full wp-image-16935\" alt=\"\" srcset=\"https:\/\/jaguarembalagens.com.br\/wp-content\/uploads\/2022\/10\/WhatsApp-Image-2022-10-14-at-09.10.07-1-1024x530-1.jpeg 1024w, https:\/\/jaguarembalagens.com.br\/wp-content\/uploads\/2022\/10\/WhatsApp-Image-2022-10-14-at-09.10.07-1-1024x530-1-300x155.jpeg 300w, https:\/\/jaguarembalagens.com.br\/wp-content\/uploads\/2022\/10\/WhatsApp-Image-2022-10-14-at-09.10.07-1-1024x530-1-768x398.jpeg 768w\" sizes=\"(max-width: 1024px) 100vw, 1024px\" \/><\/div><\/a>\r\n\t\t\t\t<div class=\"elementor-post__text\">\r\n\t\t\t\t<h3 class=\"elementor-post__title\">\r\n\t\t\t<a href=\"https:\/\/jaguarembalagens.com.br\/es\/por-dentro-do-grupo-jaguar-plasticos\/\" >\r\n\t\t\t\tJaguar Plastics Group por dentro\t\t\t<\/a>\r\n\t\t<\/h3>\r\n\t\t\t\t<\/div>\r\n\t\t\t\t\t<\/div>\r\n\t\t<\/article>\r\n\t\t\t\t<article class=\"elementor-post elementor-grid-item post-5649 post type-post status-publish format-standard has-post-thumbnail hentry category-lancamentos\" role=\"listitem\">\r\n\t\t\t<div class=\"elementor-post__card\">\r\n\t\t\t\t<a class=\"elementor-post__thumbnail__link\" href=\"https:\/\/jaguarembalagens.com.br\/es\/rotulagem-nutricional-novas-regras-a-partir-de-09-de-outubro\/\" tabindex=\"-1\" ><div class=\"elementor-post__thumbnail\"><img decoding=\"async\" width=\"1024\" height=\"530\" src=\"https:\/\/jaguarembalagens.com.br\/wp-content\/uploads\/2022\/10\/JAGUAR-CAPA-ARTIGO-ROTULAGEM-NUTRICIONAL-1024x530-1.png\" class=\"attachment-full size-full wp-image-16933\" alt=\"\" srcset=\"https:\/\/jaguarembalagens.com.br\/wp-content\/uploads\/2022\/10\/JAGUAR-CAPA-ARTIGO-ROTULAGEM-NUTRICIONAL-1024x530-1.png 1024w, https:\/\/jaguarembalagens.com.br\/wp-content\/uploads\/2022\/10\/JAGUAR-CAPA-ARTIGO-ROTULAGEM-NUTRICIONAL-1024x530-1-300x155.png 300w, https:\/\/jaguarembalagens.com.br\/wp-content\/uploads\/2022\/10\/JAGUAR-CAPA-ARTIGO-ROTULAGEM-NUTRICIONAL-1024x530-1-768x398.png 768w\" sizes=\"(max-width: 1024px) 100vw, 1024px\" \/><\/div><\/a>\r\n\t\t\t\t<div class=\"elementor-post__text\">\r\n\t\t\t\t<h3 class=\"elementor-post__title\">\r\n\t\t\t<a href=\"https:\/\/jaguarembalagens.com.br\/es\/rotulagem-nutricional-novas-regras-a-partir-de-09-de-outubro\/\" >\r\n\t\t\t\tEtiquetado nutricional: nuevas normas a partir del 9 de octubre\t\t\t<\/a>\r\n\t\t<\/h3>\r\n\t\t\t\t<\/div>\r\n\t\t\t\t\t<\/div>\r\n\t\t<\/article>\r\n\t\t\t\t<article class=\"elementor-post elementor-grid-item post-5637 post type-post status-publish format-standard has-post-thumbnail hentry category-lancamentos\" role=\"listitem\">\r\n\t\t\t<div class=\"elementor-post__card\">\r\n\t\t\t\t<a class=\"elementor-post__thumbnail__link\" href=\"https:\/\/jaguarembalagens.com.br\/es\/jaguar-plasticos-estrutura-completa-com-ferramentaria-propria\/\" tabindex=\"-1\" ><div class=\"elementor-post__thumbnail\"><img decoding=\"async\" width=\"1024\" height=\"530\" src=\"https:\/\/jaguarembalagens.com.br\/wp-content\/uploads\/2022\/10\/JAGUAR-CAPA-ARTIGO-Ferramentaria-5-1-1024x530-1.png\" class=\"attachment-full size-full wp-image-16931\" alt=\"\" srcset=\"https:\/\/jaguarembalagens.com.br\/wp-content\/uploads\/2022\/10\/JAGUAR-CAPA-ARTIGO-Ferramentaria-5-1-1024x530-1.png 1024w, https:\/\/jaguarembalagens.com.br\/wp-content\/uploads\/2022\/10\/JAGUAR-CAPA-ARTIGO-Ferramentaria-5-1-1024x530-1-300x155.png 300w, https:\/\/jaguarembalagens.com.br\/wp-content\/uploads\/2022\/10\/JAGUAR-CAPA-ARTIGO-Ferramentaria-5-1-1024x530-1-768x398.png 768w\" sizes=\"(max-width: 1024px) 100vw, 1024px\" \/><\/div><\/a>\r\n\t\t\t\t<div class=\"elementor-post__text\">\r\n\t\t\t\t<h3 class=\"elementor-post__title\">\r\n\t\t\t<a href=\"https:\/\/jaguarembalagens.com.br\/es\/jaguar-plasticos-estrutura-completa-com-ferramentaria-propria\/\" >\r\n\t\t\t\tJaguar Pl\u00e1sticos, una estructura completa con su propio taller de herramientas\t\t\t<\/a>\r\n\t\t<\/h3>\r\n\t\t\t\t<\/div>\r\n\t\t\t\t\t<\/div>\r\n\t\t<\/article>\r\n\t\t\t\t<article class=\"elementor-post elementor-grid-item post-5623 post type-post status-publish format-standard has-post-thumbnail hentry category-lancamentos tag-descarte tag-embalagens tag-pos-consumo tag-reciclagem tag-residuos\" role=\"listitem\">\r\n\t\t\t<div class=\"elementor-post__card\">\r\n\t\t\t\t<a class=\"elementor-post__thumbnail__link\" href=\"https:\/\/jaguarembalagens.com.br\/es\/conheca-a-importancia-do-projeto-descartaai\/\" tabindex=\"-1\" ><div class=\"elementor-post__thumbnail\"><img loading=\"lazy\" decoding=\"async\" width=\"1024\" height=\"530\" src=\"https:\/\/jaguarembalagens.com.br\/wp-content\/uploads\/2022\/10\/ARTIGO-DESCARTA-02-1-1024x530-1.png\" class=\"attachment-full size-full wp-image-16932\" alt=\"\" srcset=\"https:\/\/jaguarembalagens.com.br\/wp-content\/uploads\/2022\/10\/ARTIGO-DESCARTA-02-1-1024x530-1.png 1024w, https:\/\/jaguarembalagens.com.br\/wp-content\/uploads\/2022\/10\/ARTIGO-DESCARTA-02-1-1024x530-1-300x155.png 300w, https:\/\/jaguarembalagens.com.br\/wp-content\/uploads\/2022\/10\/ARTIGO-DESCARTA-02-1-1024x530-1-768x398.png 768w\" sizes=\"(max-width: 1024px) 100vw, 1024px\" \/><\/div><\/a>\r\n\t\t\t\t<div class=\"elementor-post__text\">\r\n\t\t\t\t<h3 class=\"elementor-post__title\">\r\n\t\t\t<a href=\"https:\/\/jaguarembalagens.com.br\/es\/conheca-a-importancia-do-projeto-descartaai\/\" >\r\n\t\t\t\tConhe\u00e7a a import\u00e2ncia do projeto Descarta a\u00ed\t\t\t<\/a>\r\n\t\t<\/h3>\r\n\t\t\t\t<\/div>\r\n\t\t\t\t\t<\/div>\r\n\t\t<\/article>\r\n\t\t\t\t<article class=\"elementor-post elementor-grid-item post-5613 post type-post status-publish format-standard has-post-thumbnail hentry category-lancamentos tag-setembro-amarelo-na-jaguar-embalagens-valorizacao-da-vida-e-saude-mental\" role=\"listitem\">\r\n\t\t\t<div class=\"elementor-post__card\">\r\n\t\t\t\t<a class=\"elementor-post__thumbnail__link\" href=\"https:\/\/jaguarembalagens.com.br\/es\/setembro-amarelo-valorizacao-da-vida-e-saude-mental\/\" tabindex=\"-1\" ><div class=\"elementor-post__thumbnail\"><img loading=\"lazy\" decoding=\"async\" width=\"1280\" height=\"662\" src=\"https:\/\/jaguarembalagens.com.br\/wp-content\/uploads\/2022\/09\/WhatsApp-Image-2022-09-15-at-14.28.23-1-1.jpeg\" class=\"attachment-full size-full wp-image-17198\" alt=\"\" srcset=\"https:\/\/jaguarembalagens.com.br\/wp-content\/uploads\/2022\/09\/WhatsApp-Image-2022-09-15-at-14.28.23-1-1.jpeg 1280w, https:\/\/jaguarembalagens.com.br\/wp-content\/uploads\/2022\/09\/WhatsApp-Image-2022-09-15-at-14.28.23-1-1-300x155.jpeg 300w, https:\/\/jaguarembalagens.com.br\/wp-content\/uploads\/2022\/09\/WhatsApp-Image-2022-09-15-at-14.28.23-1-1-1024x530.jpeg 1024w, https:\/\/jaguarembalagens.com.br\/wp-content\/uploads\/2022\/09\/WhatsApp-Image-2022-09-15-at-14.28.23-1-1-768x397.jpeg 768w, https:\/\/jaguarembalagens.com.br\/wp-content\/uploads\/2022\/09\/WhatsApp-Image-2022-09-15-at-14.28.23-1-1-600x310.jpeg 600w\" sizes=\"(max-width: 1280px) 100vw, 1280px\" \/><\/div><\/a>\r\n\t\t\t\t<div class=\"elementor-post__text\">\r\n\t\t\t\t<h3 class=\"elementor-post__title\">\r\n\t\t\t<a href=\"https:\/\/jaguarembalagens.com.br\/es\/setembro-amarelo-valorizacao-da-vida-e-saude-mental\/\" >\r\n\t\t\t\tSeptiembre amarillo: valorar la vida y la salud mental\t\t\t<\/a>\r\n\t\t<\/h3>\r\n\t\t\t\t<\/div>\r\n\t\t\t\t\t<\/div>\r\n\t\t<\/article>\r\n\t\t\t\t<article class=\"elementor-post elementor-grid-item post-5602 post type-post status-publish format-standard has-post-thumbnail hentry category-lancamentos\" role=\"listitem\">\r\n\t\t\t<div class=\"elementor-post__card\">\r\n\t\t\t\t<a class=\"elementor-post__thumbnail__link\" href=\"https:\/\/jaguarembalagens.com.br\/es\/personalize-sua-embalagem-com-a-tecnologia-offset\/\" tabindex=\"-1\" ><div class=\"elementor-post__thumbnail\"><img loading=\"lazy\" decoding=\"async\" width=\"1280\" height=\"662\" src=\"https:\/\/jaguarembalagens.com.br\/wp-content\/uploads\/2022\/09\/WhatsApp-Image-2022-09-09-at-14.50.57-1.jpeg\" class=\"attachment-full size-full wp-image-17200\" alt=\"\" srcset=\"https:\/\/jaguarembalagens.com.br\/wp-content\/uploads\/2022\/09\/WhatsApp-Image-2022-09-09-at-14.50.57-1.jpeg 1280w, https:\/\/jaguarembalagens.com.br\/wp-content\/uploads\/2022\/09\/WhatsApp-Image-2022-09-09-at-14.50.57-1-300x155.jpeg 300w, https:\/\/jaguarembalagens.com.br\/wp-content\/uploads\/2022\/09\/WhatsApp-Image-2022-09-09-at-14.50.57-1-1024x530.jpeg 1024w, https:\/\/jaguarembalagens.com.br\/wp-content\/uploads\/2022\/09\/WhatsApp-Image-2022-09-09-at-14.50.57-1-768x397.jpeg 768w, https:\/\/jaguarembalagens.com.br\/wp-content\/uploads\/2022\/09\/WhatsApp-Image-2022-09-09-at-14.50.57-1-600x310.jpeg 600w\" sizes=\"(max-width: 1280px) 100vw, 1280px\" \/><\/div><\/a>\r\n\t\t\t\t<div class=\"elementor-post__text\">\r\n\t\t\t\t<h3 class=\"elementor-post__title\">\r\n\t\t\t<a href=\"https:\/\/jaguarembalagens.com.br\/es\/personalize-sua-embalagem-com-a-tecnologia-offset\/\" >\r\n\t\t\t\tPersonalize sua embalagem com a tecnologia offset\t\t\t<\/a>\r\n\t\t<\/h3>\r\n\t\t\t\t<\/div>\r\n\t\t\t\t\t<\/div>\r\n\t\t<\/article>\r\n\t\t\t\t<\/div>\r\n\t\t\t\t\t<span class=\"e-load-more-spinner\">\r\n\t\t\t\t<svg aria-hidden=\"true\" class=\"e-font-icon-svg e-fas-spinner\" viewbox=\"0 0 512 512\" xmlns=\"http:\/\/www.w3.org\/2000\/svg\"><path d=\"M304 48c0 26.51-21.49 48-48 48s-48-21.49-48-48 21.49-48 48-48 48 21.49 48 48zm-48 368c-26.51 0-48 21.49-48 48s21.49 48 48 48 48-21.49 48-48-21.49-48-48-48zm208-208c-26.51 0-48 21.49-48 48s21.49 48 48 48 48-21.49 48-48-21.49-48-48-48zM96 256c0-26.51-21.49-48-48-48S0 229.49 0 256s21.49 48 48 48 48-21.49 48-48zm12.922 99.078c-26.51 0-48 21.49-48 48s21.49 48 48 48 48-21.49 48-48c0-26.509-21.491-48-48-48zm294.156 0c-26.51 0-48 21.49-48 48s21.49 48 48 48 48-21.49 48-48c0-26.509-21.49-48-48-48zM108.922 60.922c-26.51 0-48 21.49-48 48s21.49 48 48 48 48-21.49 48-48-21.491-48-48-48z\"><\/path><\/svg>\t\t\t<\/span>\r\n\t\t\r\n\t\t\t\t<div class=\"e-load-more-anchor\" data-page=\"1\" data-max-page=\"15\" data-next-page=\"https:\/\/jaguarembalagens.com.br\/es\/wp-json\/wp\/v2\/pages\/13091\/page\/2\/\"><\/div>\r\n\t\t\t\t<div class=\"elementor-button-wrapper\">\r\n\t\t\t<a class=\"elementor-button elementor-size-sm\" role=\"button\">\r\n\t\t\t\t\t\t<span class=\"elementor-button-content-wrapper\">\r\n\t\t\t\t\t\t\t\t\t<span class=\"elementor-button-text\">Carregar mais conte\u00fado<\/span>\r\n\t\t\t\t\t<\/span>\r\n\t\t\t\t\t<\/a>\r\n\t\t<\/div>\r\n\t\t\t\t<div class=\"e-load-more-message\"><\/div>\r\n\t\t\t\t\t\t<\/div>\n\t\t\t\t<\/div>\n\t\t\t\t\t<\/div>\n\t\t\t\t<\/div>\n\t\t\t\t<\/div>","protected":false},"excerpt":{"rendered":"<p>Jaguar News As novidades da Jaguar Embalagens<\/p>","protected":false},"author":1,"featured_media":0,"parent":0,"menu_order":0,"comment_status":"closed","ping_status":"closed","template":"elementor_header_footer","meta":{"_joinchat":[],"footnotes":""},"class_list":["post-13091","page","type-page","status-publish","hentry"],"_links":{"self":[{"href":"https:\/\/jaguarembalagens.com.br\/es\/wp-json\/wp\/v2\/pages\/13091","targetHints":{"allow":["GET"]}}],"collection":[{"href":"https:\/\/jaguarembalagens.com.br\/es\/wp-json\/wp\/v2\/pages"}],"about":[{"href":"https:\/\/jaguarembalagens.com.br\/es\/wp-json\/wp\/v2\/types\/page"}],"author":[{"embeddable":true,"href":"https:\/\/jaguarembalagens.com.br\/es\/wp-json\/wp\/v2\/users\/1"}],"replies":[{"embeddable":true,"href":"https:\/\/jaguarembalagens.com.br\/es\/wp-json\/wp\/v2\/comments?post=13091"}],"version-history":[{"count":15,"href":"https:\/\/jaguarembalagens.com.br\/es\/wp-json\/wp\/v2\/pages\/13091\/revisions"}],"predecessor-version":[{"id":18630,"href":"https:\/\/jaguarembalagens.com.br\/es\/wp-json\/wp\/v2\/pages\/13091\/revisions\/18630"}],"wp:attachment":[{"href":"https:\/\/jaguarembalagens.com.br\/es\/wp-json\/wp\/v2\/media?parent=13091"}],"curies":[{"name":"wp","href":"https:\/\/api.w.org\/{rel}","templated":true}]}}