{"id":18066,"date":"2025-07-24T12:32:31","date_gmt":"2025-07-24T12:32:31","guid":{"rendered":"https:\/\/jaguarembalagens.com.br\/?post_type=product&#038;p=17121"},"modified":"2025-07-24T12:32:31","modified_gmt":"2025-07-24T12:32:31","slug":"copo-550ml-2","status":"publish","type":"product","link":"https:\/\/jaguarembalagens.com.br\/en\/product\/copo-550ml-2\/","title":{"rendered":"550mL cup"},"content":{"rendered":"<div class=\"elementor-column elementor-col-33 elementor-inner-column elementor-element elementor-element-3c1f3b9\" data-id=\"3c1f3b9\" data-element_type=\"column\">\n<div class=\"elementor-widget-wrap elementor-element-populated\">\n<div class=\"elementor-element elementor-element-c575615 elementor-widget elementor-widget-text-editor\" data-id=\"c575615\" data-element_type=\"widget\" data-widget_type=\"text-editor.default\">\n<div class=\"elementor-widget-container\"><strong>Di\u00e2metro<\/strong>: 100,3mm<br \/>\n<strong>Altura<\/strong>: 106mm<br \/>\nEnvase para at\u00e9 80\u00b0C<br \/>\nCopo e tampa em PP<br \/>\nCom aba para selagem<br \/>\n<strong>Decoration<\/strong>: r\u00f3tulo adesivo<\/div>\n<\/div>\n<\/div>\n<\/div>\n<div class=\"elementor-column elementor-col-33 elementor-inner-column elementor-element elementor-element-2b32062\" data-id=\"2b32062\" data-element_type=\"column\">\n<div class=\"elementor-widget-wrap elementor-element-populated\">\n<div class=\"elementor-element elementor-element-a1b8aa6 elementor-widget elementor-widget-spacer\" data-id=\"a1b8aa6\" data-element_type=\"widget\" data-widget_type=\"spacer.default\">\n<div class=\"elementor-widget-container\">\n<div class=\"elementor-spacer\"><\/div>\n<\/div>\n<\/div>\n<\/div>\n<\/div>","protected":false},"excerpt":{"rendered":"<p>Di\u00e2metro: 100,3mm Altura: 106mm Envase para at\u00e9 80\u00b0C Copo e tampa em PP Com aba para selagem Decora\u00e7\u00e3o: r\u00f3tulo adesivo<\/p>","protected":false},"featured_media":17764,"comment_status":"open","ping_status":"closed","template":"","meta":{"_joinchat":[]},"product_brand":[],"product_cat":[158],"product_tag":[],"class_list":{"0":"post-18066","1":"product","2":"type-product","3":"status-publish","4":"has-post-thumbnail","6":"product_cat-produto-standard","8":"first","9":"instock","10":"shipping-taxable","11":"product-type-simple"},"_links":{"self":[{"href":"https:\/\/jaguarembalagens.com.br\/en\/wp-json\/wp\/v2\/product\/18066","targetHints":{"allow":["GET"]}}],"collection":[{"href":"https:\/\/jaguarembalagens.com.br\/en\/wp-json\/wp\/v2\/product"}],"about":[{"href":"https:\/\/jaguarembalagens.com.br\/en\/wp-json\/wp\/v2\/types\/product"}],"replies":[{"embeddable":true,"href":"https:\/\/jaguarembalagens.com.br\/en\/wp-json\/wp\/v2\/comments?post=18066"}],"wp:featuredmedia":[{"embeddable":true,"href":"https:\/\/jaguarembalagens.com.br\/en\/wp-json\/wp\/v2\/media\/17764"}],"wp:attachment":[{"href":"https:\/\/jaguarembalagens.com.br\/en\/wp-json\/wp\/v2\/media?parent=18066"}],"wp:term":[{"taxonomy":"product_brand","embeddable":true,"href":"https:\/\/jaguarembalagens.com.br\/en\/wp-json\/wp\/v2\/product_brand?post=18066"},{"taxonomy":"product_cat","embeddable":true,"href":"https:\/\/jaguarembalagens.com.br\/en\/wp-json\/wp\/v2\/product_cat?post=18066"},{"taxonomy":"product_tag","embeddable":true,"href":"https:\/\/jaguarembalagens.com.br\/en\/wp-json\/wp\/v2\/product_tag?post=18066"}],"curies":[{"name":"wp","href":"https:\/\/api.w.org\/{rel}","templated":true}]}}