{"id":17123,"date":"2025-07-24T12:34:26","date_gmt":"2025-07-24T12:34:26","guid":{"rendered":"https:\/\/jaguarembalagens.com.br\/?post_type=product&#038;p=17123"},"modified":"2025-09-29T12:25:05","modified_gmt":"2025-09-29T12:25:05","slug":"pote-quadrado-34l","status":"publish","type":"product","link":"https:\/\/jaguarembalagens.com.br\/en\/product\/pote-quadrado-34l\/","title":{"rendered":"3,4L Square Pot"},"content":{"rendered":"<section class=\"elementor-section elementor-inner-section elementor-element elementor-element-a7ed21d elementor-section-boxed elementor-section-height-default elementor-section-height-default\" data-id=\"a7ed21d\" data-element_type=\"section\">\n<div class=\"elementor-container elementor-column-gap-default\">\n<div class=\"elementor-column elementor-col-33 elementor-inner-column elementor-element elementor-element-2b32062\" data-id=\"2b32062\" data-element_type=\"column\">\n<div class=\"elementor-widget-wrap elementor-element-populated\">\n<div class=\"elementor-element elementor-element-49a64a1 elementor-widget elementor-widget-text-editor\" data-id=\"49a64a1\" data-element_type=\"widget\" data-widget_type=\"text-editor.default\">\n<div class=\"elementor-widget-container\">\n<p class=\"cvGsUA direction-ltr align-start para-style-body\"><span class=\"a_GcMg font-feature-liga-off font-feature-clig-off font-feature-calt-off text-decoration-none text-strikethrough-none\">Pote e tampa em polipropileno <\/span><\/p>\n<p class=\"cvGsUA direction-ltr align-start para-style-body\"><span class=\"a_GcMg font-feature-liga-off font-feature-clig-off font-feature-calt-off text-decoration-none text-strikethrough-none\">Com aba para selagem <\/span><\/p>\n<p class=\"cvGsUA direction-ltr align-start para-style-body\"><span class=\"a_GcMg font-feature-liga-off font-feature-clig-off font-feature-calt-off text-decoration-none text-strikethrough-none\"><strong>Largura da boca:<\/strong> 157,50 x 157,50 mm <\/span><\/p>\n<p class=\"cvGsUA direction-ltr align-start para-style-body\"><span class=\"a_GcMg font-feature-liga-off font-feature-clig-off font-feature-calt-off text-decoration-none text-strikethrough-none\"><strong>Tampa<\/strong>: 28 mm <\/span><\/p>\n<p class=\"cvGsUA direction-ltr align-start para-style-body\"><span class=\"a_GcMg font-feature-liga-off font-feature-clig-off font-feature-calt-off text-decoration-none text-strikethrough-none\"><strong>Altura<\/strong>: 189,60 mm<\/span><\/p>\n<p class=\"cvGsUA direction-ltr align-start para-style-body\"><span class=\"a_GcMg font-feature-liga-off font-feature-clig-off font-feature-calt-off text-decoration-none text-strikethrough-none\"><strong>Decoration<\/strong>: r\u00f3tulo manga<\/span><\/p>\n<\/div>\n<\/div>\n<\/div>\n<\/div>\n<\/div>\n<\/section>\n<section class=\"elementor-section elementor-inner-section elementor-element elementor-element-4e20c0b elementor-section-boxed elementor-section-height-default elementor-section-height-default\" data-id=\"4e20c0b\" data-element_type=\"section\">\n<div class=\"elementor-container elementor-column-gap-default\">\n<div class=\"elementor-column elementor-col-33 elementor-inner-column elementor-element elementor-element-132d1cc\" data-id=\"132d1cc\" data-element_type=\"column\"><\/div>\n<\/div>\n<\/section>","protected":false},"excerpt":{"rendered":"<p>Pote e tampa em polipropileno Com aba para selagem Largura da boca: 157,50 x 157,50 mm Tampa: 28 mm Altura: 189,60 mm Decora\u00e7\u00e3o: r\u00f3tulo manga<\/p>","protected":false},"featured_media":17762,"comment_status":"open","ping_status":"closed","template":"","meta":{"_joinchat":[]},"product_brand":[],"product_cat":[158],"product_tag":[],"class_list":{"0":"post-17123","1":"product","2":"type-product","3":"status-publish","4":"has-post-thumbnail","6":"product_cat-produto-standard","8":"first","9":"instock","10":"shipping-taxable","11":"product-type-simple"},"_links":{"self":[{"href":"https:\/\/jaguarembalagens.com.br\/en\/wp-json\/wp\/v2\/product\/17123","targetHints":{"allow":["GET"]}}],"collection":[{"href":"https:\/\/jaguarembalagens.com.br\/en\/wp-json\/wp\/v2\/product"}],"about":[{"href":"https:\/\/jaguarembalagens.com.br\/en\/wp-json\/wp\/v2\/types\/product"}],"replies":[{"embeddable":true,"href":"https:\/\/jaguarembalagens.com.br\/en\/wp-json\/wp\/v2\/comments?post=17123"}],"wp:featuredmedia":[{"embeddable":true,"href":"https:\/\/jaguarembalagens.com.br\/en\/wp-json\/wp\/v2\/media\/17762"}],"wp:attachment":[{"href":"https:\/\/jaguarembalagens.com.br\/en\/wp-json\/wp\/v2\/media?parent=17123"}],"wp:term":[{"taxonomy":"product_brand","embeddable":true,"href":"https:\/\/jaguarembalagens.com.br\/en\/wp-json\/wp\/v2\/product_brand?post=17123"},{"taxonomy":"product_cat","embeddable":true,"href":"https:\/\/jaguarembalagens.com.br\/en\/wp-json\/wp\/v2\/product_cat?post=17123"},{"taxonomy":"product_tag","embeddable":true,"href":"https:\/\/jaguarembalagens.com.br\/en\/wp-json\/wp\/v2\/product_tag?post=17123"}],"curies":[{"name":"wp","href":"https:\/\/api.w.org\/{rel}","templated":true}]}}