{"id":17077,"date":"2025-07-24T12:07:29","date_gmt":"2025-07-24T12:07:29","guid":{"rendered":"https:\/\/jaguarembalagens.com.br\/?post_type=product&#038;p=17077"},"modified":"2025-09-29T12:36:41","modified_gmt":"2025-09-29T12:36:41","slug":"balde-20l-2","status":"publish","type":"product","link":"https:\/\/jaguarembalagens.com.br\/en\/product\/balde-20l-2\/","title":{"rendered":"Bucket 20L V2"},"content":{"rendered":"<p><img decoding=\"async\" class=\"alignnone wp-image-17037\" src=\"https:\/\/jaguarembalagens.com.br\/wp-content\/uploads\/2025\/07\/TAMPAS_BALDE_3-1.png\" alt=\"\" width=\"142\" height=\"56\" \/><\/p>\n<div class=\"elementor-column elementor-col-25 elementor-inner-column elementor-element elementor-element-be3cc9d\" data-id=\"be3cc9d\" data-element_type=\"column\">\n<div class=\"elementor-widget-wrap elementor-element-populated\">\n<div class=\"elementor-element elementor-element-d0ce62b elementor-widget elementor-widget-text-editor\" data-id=\"d0ce62b\" data-element_type=\"widget\" data-widget_type=\"text-editor.default\">\n<div class=\"elementor-widget-container\">\n<p class=\"cvGsUA direction-ltr align-end para-style-body\"><span class=\"a_GcMg font-feature-liga-off font-feature-clig-off font-feature-calt-off text-decoration-none text-strikethrough-none\">315,1 x 371,4 mm <\/span><\/p>\n<p class=\"cvGsUA direction-ltr align-end para-style-body\"><span class=\"a_GcMg font-feature-liga-off font-feature-clig-off font-feature-calt-off text-decoration-none text-strikethrough-none\"><strong>Volume O.F<\/strong>: 21 litros <\/span><\/p>\n<p class=\"cvGsUA direction-ltr align-end para-style-body\"><span class=\"a_GcMg font-feature-liga-off font-feature-clig-off font-feature-calt-off text-decoration-none text-strikethrough-none\"><strong>Maximum stacking<\/strong>: 03 un. <\/span><\/p>\n<p class=\"cvGsUA direction-ltr align-end para-style-body\"><span class=\"a_GcMg font-feature-liga-off font-feature-clig-off font-feature-calt-off text-decoration-none text-strikethrough-none\"><strong>Handle<\/strong>: Pl\u00e1stica e Met\u00e1lica<\/span><\/p>\n<p class=\"cvGsUA direction-ltr align-end para-style-body\"><span class=\"a_GcMg font-feature-liga-off font-feature-clig-off font-feature-calt-off text-decoration-none text-strikethrough-none\"><strong>Decoration<\/strong>: offset<\/span><\/p>\n<\/div>\n<\/div>\n<\/div>\n<\/div>","protected":false},"excerpt":{"rendered":"<p>315,1 x 371,4 mm Volume O.F: 21 litros Empilhamento m\u00e1ximo: 03 un. Al\u00e7a: Pl\u00e1stica e Met\u00e1lica Decora\u00e7\u00e3o: offset<\/p>","protected":false},"featured_media":17733,"comment_status":"open","ping_status":"closed","template":"","meta":{"_joinchat":[]},"product_brand":[],"product_cat":[157],"product_tag":[],"class_list":{"0":"post-17077","1":"product","2":"type-product","3":"status-publish","4":"has-post-thumbnail","6":"product_cat-eco-nature","8":"first","9":"instock","10":"shipping-taxable","11":"product-type-simple"},"_links":{"self":[{"href":"https:\/\/jaguarembalagens.com.br\/en\/wp-json\/wp\/v2\/product\/17077","targetHints":{"allow":["GET"]}}],"collection":[{"href":"https:\/\/jaguarembalagens.com.br\/en\/wp-json\/wp\/v2\/product"}],"about":[{"href":"https:\/\/jaguarembalagens.com.br\/en\/wp-json\/wp\/v2\/types\/product"}],"replies":[{"embeddable":true,"href":"https:\/\/jaguarembalagens.com.br\/en\/wp-json\/wp\/v2\/comments?post=17077"}],"wp:featuredmedia":[{"embeddable":true,"href":"https:\/\/jaguarembalagens.com.br\/en\/wp-json\/wp\/v2\/media\/17733"}],"wp:attachment":[{"href":"https:\/\/jaguarembalagens.com.br\/en\/wp-json\/wp\/v2\/media?parent=17077"}],"wp:term":[{"taxonomy":"product_brand","embeddable":true,"href":"https:\/\/jaguarembalagens.com.br\/en\/wp-json\/wp\/v2\/product_brand?post=17077"},{"taxonomy":"product_cat","embeddable":true,"href":"https:\/\/jaguarembalagens.com.br\/en\/wp-json\/wp\/v2\/product_cat?post=17077"},{"taxonomy":"product_tag","embeddable":true,"href":"https:\/\/jaguarembalagens.com.br\/en\/wp-json\/wp\/v2\/product_tag?post=17077"}],"curies":[{"name":"wp","href":"https:\/\/api.w.org\/{rel}","templated":true}]}}