{"id":17020,"date":"2025-07-24T11:28:45","date_gmt":"2025-07-24T11:28:45","guid":{"rendered":"https:\/\/jaguarembalagens.com.br\/?post_type=product&#038;p=17020"},"modified":"2025-09-29T11:42:45","modified_gmt":"2025-09-29T11:42:45","slug":"balde-72l","status":"publish","type":"product","link":"https:\/\/jaguarembalagens.com.br\/en\/product\/balde-72l\/","title":{"rendered":"7,2L bucket"},"content":{"rendered":"<div class=\"elementor-column elementor-col-25 elementor-top-column elementor-element elementor-element-b6754d0\" data-id=\"b6754d0\" data-element_type=\"column\">\n<div class=\"elementor-widget-wrap elementor-element-populated\">\n<div class=\"elementor-element elementor-element-929bb97 elementor-widget elementor-widget-heading\" data-id=\"929bb97\" data-element_type=\"widget\" data-widget_type=\"heading.default\">\n<div class=\"elementor-widget-container\">\n<h3 class=\"elementor-heading-title elementor-size-default\"><img decoding=\"async\" class=\"alignnone wp-image-17018\" src=\"https:\/\/jaguarembalagens.com.br\/wp-content\/uploads\/2025\/07\/TAMPAS_BALDE_2-1-1.png\" alt=\"\" width=\"135\" height=\"77\" \/><\/h3>\n<\/div>\n<\/div>\n<div class=\"elementor-element elementor-element-75d8f87 elementor-widget elementor-widget-text-editor\" data-id=\"75d8f87\" data-element_type=\"widget\" data-widget_type=\"text-editor.default\">\n<div class=\"elementor-widget-container\">\n<p>230.8 x 194.4 x 261.6mm<\/p>\n<p><strong>Total capacity:\u00a0<\/strong>8.1 liters<\/p>\n<p><strong>Maximum stacking:<\/strong>\u00a005 pcs.<\/p>\n<p><strong>Handle:<\/strong>\u00a0Plastic<\/p>\n<p><strong>Decoration:<\/strong> IML and Offset<\/p>\n<\/div>\n<\/div>\n<\/div>\n<\/div>\n<div class=\"elementor-column elementor-col-25 elementor-top-column elementor-element elementor-element-3dee260d\" data-id=\"3dee260d\" data-element_type=\"column\">\n<div class=\"elementor-widget-wrap elementor-element-populated\">\n<div class=\"elementor-element elementor-element-6bda4cd9 elementor-widget elementor-widget-image\" data-id=\"6bda4cd9\" data-element_type=\"widget\" data-widget_type=\"image.default\"><\/div>\n<\/div>\n<\/div>","protected":false},"excerpt":{"rendered":"<p>230,8 x 194,4 x 261,6mm Capacidade total:\u00a08,1\u00a0litros Empilhamento m\u00e1ximo:\u00a005 un. Al\u00e7a:\u00a0Pl\u00e1stica Decora\u00e7\u00e3o: IML e Offset<\/p>","protected":false},"featured_media":17755,"comment_status":"open","ping_status":"closed","template":"","meta":{"_joinchat":[]},"product_brand":[],"product_cat":[156],"product_tag":[],"class_list":{"0":"post-17020","1":"product","2":"type-product","3":"status-publish","4":"has-post-thumbnail","6":"product_cat-baldes-industriais-2","8":"first","9":"instock","10":"shipping-taxable","11":"product-type-simple"},"_links":{"self":[{"href":"https:\/\/jaguarembalagens.com.br\/en\/wp-json\/wp\/v2\/product\/17020","targetHints":{"allow":["GET"]}}],"collection":[{"href":"https:\/\/jaguarembalagens.com.br\/en\/wp-json\/wp\/v2\/product"}],"about":[{"href":"https:\/\/jaguarembalagens.com.br\/en\/wp-json\/wp\/v2\/types\/product"}],"replies":[{"embeddable":true,"href":"https:\/\/jaguarembalagens.com.br\/en\/wp-json\/wp\/v2\/comments?post=17020"}],"wp:featuredmedia":[{"embeddable":true,"href":"https:\/\/jaguarembalagens.com.br\/en\/wp-json\/wp\/v2\/media\/17755"}],"wp:attachment":[{"href":"https:\/\/jaguarembalagens.com.br\/en\/wp-json\/wp\/v2\/media?parent=17020"}],"wp:term":[{"taxonomy":"product_brand","embeddable":true,"href":"https:\/\/jaguarembalagens.com.br\/en\/wp-json\/wp\/v2\/product_brand?post=17020"},{"taxonomy":"product_cat","embeddable":true,"href":"https:\/\/jaguarembalagens.com.br\/en\/wp-json\/wp\/v2\/product_cat?post=17020"},{"taxonomy":"product_tag","embeddable":true,"href":"https:\/\/jaguarembalagens.com.br\/en\/wp-json\/wp\/v2\/product_tag?post=17020"}],"curies":[{"name":"wp","href":"https:\/\/api.w.org\/{rel}","templated":true}]}}