{"id":17016,"date":"2025-07-24T11:27:57","date_gmt":"2025-07-24T11:27:57","guid":{"rendered":"https:\/\/jaguarembalagens.com.br\/?post_type=product&#038;p=17016"},"modified":"2025-09-29T12:30:09","modified_gmt":"2025-09-29T12:30:09","slug":"balde-5l","status":"publish","type":"product","link":"https:\/\/jaguarembalagens.com.br\/en\/product\/balde-5l\/","title":{"rendered":"5L V2 bucket"},"content":{"rendered":"<div class=\"elementor-element elementor-element-77696b69 elementor-widget elementor-widget-heading\" data-id=\"77696b69\" data-element_type=\"widget\" data-widget_type=\"heading.default\">\n<div class=\"elementor-widget-container\">\n<h3 class=\"elementor-heading-title elementor-size-default\"><img decoding=\"async\" class=\"alignnone wp-image-17017\" src=\"https:\/\/jaguarembalagens.com.br\/wp-content\/uploads\/2025\/07\/TAMPAS_BALDE_2-1.png\" alt=\"\" width=\"130\" height=\"74\" \/><\/h3>\n<\/div>\n<\/div>\n<div class=\"elementor-element elementor-element-41b5af5c elementor-widget elementor-widget-text-editor\" data-id=\"41b5af5c\" data-element_type=\"widget\" data-widget_type=\"text-editor.default\">\n<div class=\"elementor-widget-container\">\n<p class=\"cvGsUA direction-ltr align-start para-style-body\"><span class=\"a_GcMg font-feature-liga-off font-feature-clig-off font-feature-calt-off text-decoration-none text-strikethrough-none\">202,8 x 230,1 mm <\/span><\/p>\n<p class=\"cvGsUA direction-ltr align-start para-style-body\"><span class=\"a_GcMg font-feature-liga-off font-feature-clig-off font-feature-calt-off text-decoration-none text-strikethrough-none\"><strong>Volume O.F<\/strong>: 5,3 litros <\/span><\/p>\n<p class=\"cvGsUA direction-ltr align-start para-style-body\"><span class=\"a_GcMg font-feature-liga-off font-feature-clig-off font-feature-calt-off text-decoration-none text-strikethrough-none\"><strong>Maximum stacking<\/strong>: 06 un.<\/span><\/p>\n<p class=\"cvGsUA direction-ltr align-start para-style-body\"><span class=\"a_GcMg font-feature-liga-off font-feature-clig-off font-feature-calt-off text-decoration-none text-strikethrough-none\"><strong>Handle<\/strong>: Plastic<\/span><\/p>\n<p class=\"cvGsUA direction-ltr align-start para-style-body\"><span class=\"a_GcMg font-feature-liga-off font-feature-clig-off font-feature-calt-off text-decoration-none text-strikethrough-none\"><strong>Decoration<\/strong>: offset<\/span><\/p>\n<\/div>\n<\/div>","protected":false},"excerpt":{"rendered":"<p>202,8 x 230,1 mm Volume O.F: 5,3 litros Empilhamento m\u00e1ximo: 06 un. Al\u00e7a: Pl\u00e1stica Decora\u00e7\u00e3o: offset<\/p>","protected":false},"featured_media":17756,"comment_status":"open","ping_status":"closed","template":"","meta":{"_joinchat":[]},"product_brand":[],"product_cat":[156],"product_tag":[],"class_list":{"0":"post-17016","1":"product","2":"type-product","3":"status-publish","4":"has-post-thumbnail","6":"product_cat-baldes-industriais-2","8":"first","9":"instock","10":"shipping-taxable","11":"product-type-simple"},"_links":{"self":[{"href":"https:\/\/jaguarembalagens.com.br\/en\/wp-json\/wp\/v2\/product\/17016","targetHints":{"allow":["GET"]}}],"collection":[{"href":"https:\/\/jaguarembalagens.com.br\/en\/wp-json\/wp\/v2\/product"}],"about":[{"href":"https:\/\/jaguarembalagens.com.br\/en\/wp-json\/wp\/v2\/types\/product"}],"replies":[{"embeddable":true,"href":"https:\/\/jaguarembalagens.com.br\/en\/wp-json\/wp\/v2\/comments?post=17016"}],"wp:featuredmedia":[{"embeddable":true,"href":"https:\/\/jaguarembalagens.com.br\/en\/wp-json\/wp\/v2\/media\/17756"}],"wp:attachment":[{"href":"https:\/\/jaguarembalagens.com.br\/en\/wp-json\/wp\/v2\/media?parent=17016"}],"wp:term":[{"taxonomy":"product_brand","embeddable":true,"href":"https:\/\/jaguarembalagens.com.br\/en\/wp-json\/wp\/v2\/product_brand?post=17016"},{"taxonomy":"product_cat","embeddable":true,"href":"https:\/\/jaguarembalagens.com.br\/en\/wp-json\/wp\/v2\/product_cat?post=17016"},{"taxonomy":"product_tag","embeddable":true,"href":"https:\/\/jaguarembalagens.com.br\/en\/wp-json\/wp\/v2\/product_tag?post=17016"}],"curies":[{"name":"wp","href":"https:\/\/api.w.org\/{rel}","templated":true}]}}