{"id":294,"date":"2025-06-16T18:25:04","date_gmt":"2025-06-16T18:25:04","guid":{"rendered":"https:\/\/jaguarembalagens.com.br\/?page_id=294"},"modified":"2025-09-29T12:22:15","modified_gmt":"2025-09-29T12:22:15","slug":"politica-de-privacidade","status":"publish","type":"page","link":"https:\/\/jaguarembalagens.com.br\/en\/politica-de-privacidade\/","title":{"rendered":"Pol\u00edtica de Privacidade"},"content":{"rendered":"<div data-elementor-type=\"wp-page\" data-elementor-id=\"294\" class=\"elementor elementor-294\" data-elementor-post-type=\"page\">\n\t\t\t\t<div class=\"elementor-element elementor-element-942ca30 e-flex e-con-boxed e-con e-parent\" data-id=\"942ca30\" data-element_type=\"container\" data-settings=\"{&quot;background_background&quot;:&quot;classic&quot;}\">\n\t\t\t\t\t<div class=\"e-con-inner\">\n\t\t<div class=\"elementor-element elementor-element-3ac1d6e2 e-con-full e-flex e-con e-child\" data-id=\"3ac1d6e2\" data-element_type=\"container\">\n\t\t\t\t<div class=\"elementor-element elementor-element-42c31a89 elementor-widget elementor-widget-heading\" data-id=\"42c31a89\" data-element_type=\"widget\" data-settings=\"{&quot;_animation&quot;:&quot;none&quot;}\" data-widget_type=\"heading.default\">\n\t\t\t\t<div class=\"elementor-widget-container\">\n\t\t\t\t\t<h1 class=\"elementor-heading-title elementor-size-default\">Pol\u00edtica de Privacidade<\/h1>\t\t\t\t<\/div>\n\t\t\t\t<\/div>\n\t\t\t\t<div class=\"elementor-element elementor-element-2a03e235 elementor-widget elementor-widget-heading\" data-id=\"2a03e235\" data-element_type=\"widget\" data-settings=\"{&quot;_animation&quot;:&quot;none&quot;}\" data-widget_type=\"heading.default\">\n\t\t\t\t<div class=\"elementor-widget-container\">\n\t\t\t\t\t<h4 class=\"elementor-heading-title elementor-size-default\">Este \u00e9 o nosso compromisso com a prote\u00e7\u00e3o dos seus dados pessoais.\n<\/h4>\t\t\t\t<\/div>\n\t\t\t\t<\/div>\n\t\t\t\t<\/div>\n\t\t\t\t\t<\/div>\n\t\t\t\t<\/div>\n\t\t<div class=\"elementor-element elementor-element-5868e1b e-flex e-con-boxed e-con e-parent\" data-id=\"5868e1b\" data-element_type=\"container\">\n\t\t\t\t\t<div class=\"e-con-inner\">\n\t\t<div class=\"elementor-element elementor-element-35e8e1b6 e-con-full e-flex e-con e-child\" data-id=\"35e8e1b6\" data-element_type=\"container\">\n\t\t\t\t<div class=\"elementor-element elementor-element-282ba37 elementor-widget elementor-widget-heading\" data-id=\"282ba37\" data-element_type=\"widget\" data-settings=\"{&quot;_animation&quot;:&quot;none&quot;}\" data-widget_type=\"heading.default\">\n\t\t\t\t<div class=\"elementor-widget-container\">\n\t\t\t\t\t<h2 class=\"elementor-heading-title elementor-size-default\">Pol\u00edtica de Privacidade\n\n<\/h2>\t\t\t\t<\/div>\n\t\t\t\t<\/div>\n\t\t\t\t<div class=\"elementor-element elementor-element-3ce8b649 elementor-widget elementor-widget-text-editor\" data-id=\"3ce8b649\" data-element_type=\"widget\" data-settings=\"{&quot;_animation&quot;:&quot;none&quot;,&quot;_animation_delay&quot;:240}\" data-widget_type=\"text-editor.default\">\n\t\t\t\t<div class=\"elementor-widget-container\">\n\t\t\t\t\t\t\t\t\t<div class=\"elementor-element elementor-element-2dac3d72 elementor-widget elementor-widget-heading\" data-id=\"2dac3d72\" data-element_type=\"widget\" data-widget_type=\"heading.default\"><div class=\"elementor-widget-container\"><p class=\"elementor-heading-title elementor-size-default\"><strong>Este \u00e9 o nosso compromisso com a prote\u00e7\u00e3o dos seus dados pessoais.<\/strong><\/p><\/div><\/div>\t\t\t\t\t\t\t\t<\/div>\n\t\t\t\t<\/div>\n\t\t\t\t<div class=\"elementor-element elementor-element-2fa5f9f elementor-widget elementor-widget-text-editor\" data-id=\"2fa5f9f\" data-element_type=\"widget\" data-settings=\"{&quot;_animation&quot;:&quot;none&quot;,&quot;_animation_delay&quot;:240}\" data-widget_type=\"text-editor.default\">\n\t\t\t\t<div class=\"elementor-widget-container\">\n\t\t\t\t\t\t\t\t\t<div class=\"elementor-element elementor-element-2dac3d72 elementor-widget elementor-widget-heading\" data-id=\"2dac3d72\" data-element_type=\"widget\" data-widget_type=\"heading.default\"><div class=\"elementor-widget-container\">A privacidade dos visitantes do nosso site \u00e9 muito importante e estamos comprometidos em salvaguard\u00e1-la. Esta Pol\u00edtica de Privacidade explica o que fazemos com a sua informa\u00e7\u00e3o pessoal.<\/div><div class=\"elementor-widget-container\">\u00a0<\/div><\/div><div class=\"elementor-element elementor-element-7c721e73 elementor-widget elementor-widget-text-editor\" data-id=\"7c721e73\" data-element_type=\"widget\" data-widget_type=\"text-editor.default\"><div class=\"elementor-widget-container\"><div class=\"elementor-text-editor elementor-clearfix\"><p>Consenting to the use of cookies when you first visit our site, in accordance with our terms, allows us to improve the service when you visit our site.\u00a0<\/p><h6><strong>Como coletamos os seus dados pessoais<\/strong><\/h6><p>Os seguintes tipos de informa\u00e7\u00f5es pessoais podem ser coletados, armazenados e usados:<\/p><ul><li>Informa\u00e7\u00f5es sobre o seu computador, incluindo o seu endere\u00e7o IP, dados geogr\u00e1ficos locais, tipo e vers\u00e3o do navegador e sistema operacional.<\/li><li>Informa\u00e7\u00f5es sobre as suas visitas e o uso deste site, incluindo fonte de refer\u00eancia, dura\u00e7\u00e3o da visita, visualiza\u00e7\u00f5es de p\u00e1gina e caminhos de navega\u00e7\u00e3o no site.<\/li><li>Informa\u00e7\u00f5es que voc\u00ea digita quando \u00e9 registrado em nosso site, como o seu e-mail.<\/li><li>Informa\u00e7\u00f5es que voc\u00ea insere ao enviar uma mensagem em nosso site. Por exemplo, seu nome, e-mail, telefone etc.<\/li><li>Informa\u00e7\u00f5es que voc\u00ea digita para configurar a assinatura de nossos e-mails e\/ou boletins.<\/li><li>Informa\u00e7\u00f5es geradas ao usar o nosso site, incluindo quando, com que frequ\u00eancia e em que circunst\u00e2ncias voc\u00ea o usa.<\/li><li>Informa\u00e7\u00f5es relacionadas a documentos que voc\u00ea envia, juntamente das mensagens.<\/li><li>Qualquer outra informa\u00e7\u00e3o pessoal que voc\u00ea nos enviar.<\/li><\/ul><div>\u00a0<\/div><h6><strong>Usando informa\u00e7\u00f5es pessoais<\/strong><\/h6><ul><li>As informa\u00e7\u00f5es pessoais enviadas a n\u00f3s, atrav\u00e9s do nosso site, ser\u00e3o usadas para os fins especificados nesta pol\u00edtica ou nas p\u00e1ginas relevantes do site. N\u00f3s podemos usar as suas informa\u00e7\u00f5es pessoais para:<\/li><\/ul><div>\u00a0<\/div><h6><strong>Cadastros<\/strong><\/h6><ul><li>Prestar as comunica\u00e7\u00f5es obrigat\u00f3rias aos \u00f3rg\u00e3os p\u00fablicos e privados.<\/li><li>Permitir o uso dos servi\u00e7os dispon\u00edveis em nosso site.<\/li><li>Enviar a voc\u00ea as comunica\u00e7\u00f5es, se voc\u00ea solicitar ou for necess\u00e1rio.<\/li><li>Enviar notifica\u00e7\u00f5es por e-mail solicitadas especificamente.<\/li><li>Enviar nosso boletim informativo por e-mail se voc\u00ea se inscreveu (pode cancelar a inscri\u00e7\u00e3o a qualquer momento).<\/li><li>Lidar com perguntas e reclama\u00e7\u00f5es feitas por voc\u00ea no nosso site.<\/li><li>Manter nosso site seguro e evitar fraudes.<\/li><li>Verificar a conformidade com os termos e as condi\u00e7\u00f5es que regem o uso de nosso site.<\/li><li>Assim, ao acessar as p\u00e1ginas do site sem desabilitar tais tecnologias (\u201cidentificadores an\u00f4nimos\u201d, \u201ccookies\u201d etc.), voc\u00ea, expressamente, escolhe esse tipo de navega\u00e7\u00e3o e autoriza o armazenamento de informa\u00e7\u00f5es por meio dessas tecnologias e com as finalidades acima indicadas. Exceto as comunica\u00e7\u00f5es obrigat\u00f3rias por lei, n\u00f3s n\u00e3o forneceremos as suas informa\u00e7\u00f5es pessoais para terceiros.<\/li><\/ul><div>\u00a0<\/div><h6><strong>Divulga\u00e7\u00e3o de informa\u00e7\u00f5es pessoais<\/strong><\/h6><p>Podemos divulgar as suas informa\u00e7\u00f5es pessoais a qualquer um de nossos funcion\u00e1rios, consultores profissionais, agentes, fornecedores ou subcontratados conforme razoavelmente necess\u00e1rio para o cumprimento de nossos deveres legais.Podemos divulgar as suas informa\u00e7\u00f5es pessoais:<\/p><ul><li>Em cumprimento da lei.<\/li><li>Em cumprimento de ordem de autoridade p\u00fablica.<\/li><li>Em decorr\u00eancia de pedido de certid\u00e3o, conforme a lei.<\/li><li>Para estabelecer, exercer ou defender os nossos direitos legais (incluindo o fornecimento de informa\u00e7\u00f5es a terceiros para fins de preven\u00e7\u00e3o e redu\u00e7\u00e3o de fraudes).<\/li><\/ul><div>\u00a0<\/div><h6><strong>Com quem os meus dados ser\u00e3o compartilhados?<\/strong><\/h6><p>Poderemos compartilhar os dados por voc\u00ea fornecidos quando:<\/p><ul><li>Voc\u00ea solicitar, pessoalmente ou por terceiro autorizado.<\/li><li>A parte do neg\u00f3cio comum solicitar.<\/li><li>Terceiros com leg\u00edtimo interesse solicitarem.<\/li><li>Por determina\u00e7\u00e3o legal ou por normas da Corregedoria Geral da Justi\u00e7a ou do Conselho Nacional da Justi\u00e7a.<\/li><\/ul><div>\u00a0<\/div><h6><strong>Armazenamento de informa\u00e7\u00f5es pessoais<\/strong><\/h6><p>Esta se\u00e7\u00e3o define as nossas pol\u00edticas e os nossos procedimentos de armazenamento de dados, que s\u00e3o processados para o cumprimento de nossas obriga\u00e7\u00f5es legais em rela\u00e7\u00e3o ao armazenamento e \u00e0 exclus\u00e3o de informa\u00e7\u00f5es pessoais. As informa\u00e7\u00f5es pessoais que processamos para qualquer finalidade ou prop\u00f3sito s\u00e3o mantidas por tempo indeterminado, necess\u00e1rio para o cumprimento das finalidades legais. Para o cumprimento legal, n\u00e3o exclu\u00edmos dados pessoais. Mantemos documentos (incluindo documentos eletr\u00f4nicos) contendo dados pessoais:<\/p><ul><li>Na medida em que somos obrigados a faz\u00ea-lo por lei.<\/li><li>Se acreditarmos que os documentos podem ser relevantes para qualquer processo cont\u00ednuo ou procedimentos legais em perspectiva.<\/li><li>Para estabelecer, exercer ou defender nossos direitos legais (incluindo fornecer informa\u00e7\u00f5es a terceiros para fins de preven\u00e7\u00e3o de fraudes).<\/li><\/ul><div>\u00a0<\/div><h6><strong>Seguran\u00e7a de suas informa\u00e7\u00f5es pessoais<\/strong><\/h6><ul><li>Tomaremos as devidas precau\u00e7\u00f5es t\u00e9cnicas e organizacionais para evitar perda, uso indevido ou altera\u00e7\u00e3o de suas informa\u00e7\u00f5es pessoais.<\/li><li>Armazenaremos todas as informa\u00e7\u00f5es pessoais que voc\u00ea fornecer em nosso site seguro (protegidas por senha e firewall).<\/li><li>Todas as informa\u00e7\u00f5es enviadas atrav\u00e9s do nosso site ser\u00e3o protegidas pela tecnologia de criptografia.<\/li><li>Voc\u00ea aceita que a transmiss\u00e3o de informa\u00e7\u00f5es pela internet pode ser insegura, pois trafega em diversos provedores de servi\u00e7os. Assim, n\u00e3o podemos garantir a seguran\u00e7a dos dados enviados por esse meio.<\/li><\/ul><div>\u00a0<\/div><h6><strong>Altera\u00e7\u00f5es<\/strong><\/h6><p>Podemos atualizar esta pol\u00edtica periodicamente, publicando uma nova vers\u00e3o. Voc\u00ea deve verificar esta p\u00e1gina, ocasionalmente, para garantir que verifique eventuais altera\u00e7\u00f5es desta pol\u00edtica. Podemos notific\u00e1-lo sobre altera\u00e7\u00f5es nesta pol\u00edtica por e-mail ou atrav\u00e9s do sistema de mensagens privadas em nosso site.<\/p><h6><b>Seus direitos<\/b><\/h6><p>Buscando assegurar transpar\u00eancia, esta Pol\u00edtica declara que o Usu\u00e1rio possui direitos de controlar o Tratamento dos seus Dados Pessoais. Estes direitos, quando aplic\u00e1veis, incluem:<\/p><div><ul><li><b>O direito de requerer acesso<\/b>\u00a0aos seus Dados Pessoais a qualquer tempo, o que deve ser livre de encargos. O Usu\u00e1rio pode faz\u00ea-lo atrav\u00e9s de um requerimento \u00e0 Jaguar atrav\u00e9s de um dos contatos disponibilizados nesta Pol\u00edtica;<\/li><li><b>O direito de requerer corre\u00e7\u00e3o<\/b>\u00a0dos seus Dados Pessoais;<\/li><li><b>O direito de contestar<\/b>\u00a0o Tratamento dos seus Dados Pessoais;<\/li><li><b>O direito de restringir<\/b>\u00a0o Tratamento dos seus Dados Pessoais;<\/li><li><b>O direito de exigir o apagamento<\/b>\u00a0de seus Dados Pessoais;<\/li><li><b>O direito de requerer a anonimiza\u00e7\u00e3o<\/b>\u00a0de seus Dados Pessoais, desde que essa anonimiza\u00e7\u00e3o n\u00e3o afete a legalidade dos tratamentos tomados anteriormente e desde que tal medida seja tecnicamente e financeiramente vi\u00e1vel;<\/li><li><b>O direito de requerer a transfer\u00eancia<\/b>\u00a0de seus Dados Pessoais para outras organiza\u00e7\u00f5es.<\/li><li><b>O direito de revogar<\/b>\u00a0o seu consentimento a qualquer tempo, contanto que essa revoga\u00e7\u00e3o n\u00e3o afete a legalidade do Tratamento tomado anteriormente; e<\/li><li><b>O direito de disponibiliza<\/b>r instru\u00e7\u00f5es gerais e\/ou especificas relacionadas ao uso dos seus Dados Pessoais ap\u00f3s sua morte.<\/li><\/ul><div>\u00a0<\/div><p>Tais direitos podem ser limitados em algumas situa\u00e7\u00f5es \u2013 por exemplo, quando o requerimento do Usu\u00e1rio implicar na revela\u00e7\u00e3o de informa\u00e7\u00f5es pessoais de outras pessoas ou quando a Jaguar \u00e9 capaz de demonstrar que tem obriga\u00e7\u00e3o legal de realizar o Tratamento dos Dados Pessoais. Em alguns casos, isto pode significar que a Jaguar \u00e9 capaz de reter Dados Pessoais mesmo que o Usu\u00e1rio revogue seu consentimento.N\u00f3s nos empenhamos para satisfazer quaisquer quest\u00f5es que o Usu\u00e1rio possa ter sobre a forma que a Jaguar trata os Dados Pessoais. Caso haja d\u00favida sobre como a Jaguar trata as informa\u00e7\u00f5es de seus Usu\u00e1rios, por favor, nos contate a qualquer tempo.<\/p><\/div><h6><strong>Pedido de exclus\u00e3o de informa\u00e7\u00f5es<\/strong><\/h6><p>Informamos que as informa\u00e7\u00f5es pessoais coletadas s\u00e3o armazenadas por tempo indeterminado em raz\u00e3o do cumprimento de obriga\u00e7\u00e3o legal e normativa. Se houver dados que possam ser exclu\u00eddos, n\u00f3s atenderemos \u00e0 sua solicita\u00e7\u00e3o.<\/p><h6><strong>Fornecedores e parceiros<\/strong><\/h6><p>Disponibilizamos os seus dados a terceiros, fornecedores e parceiros, para a execu\u00e7\u00e3o de algumas das atividades citadas nesta pol\u00edtica. Esta cess\u00e3o \u00e9 feita para execu\u00e7\u00e3o do contrato com a condi\u00e7\u00e3o de que o terceiro n\u00e3o fa\u00e7a uso diverso das finalidades aqui apresentadas. Ao fim do contrato entre a Jaguar Pl\u00e1sticos e os terceiros, estes se comprometem a excluir os dados e cessar qualquer uso, exceto em casos espec\u00edficos em que a coleta tenha sido feita de forma conjunta.<\/p><h6><strong>Acesso interno<\/strong><\/h6><p>Mantemos r\u00edgido controle interno sobre o acesso aos seus dados, ou seja, apenas algumas pessoas na Jaguar Pl\u00e1sticos ter\u00e3o acesso aos seus dados e apenas para execu\u00e7\u00e3o das atividades aqui previstas.<\/p><h6><strong>Autoridade p\u00fablica<\/strong><\/h6><p>Somente vamos disponibilizar os seus dados \u00e0s Autoridades P\u00fablicas quando a requisi\u00e7\u00e3o for feita nos moldes da legisla\u00e7\u00e3o. N\u00e3o efetuamos essa entrega de forma excessiva ou quando n\u00e3o estiver em conformidade com as determina\u00e7\u00f5es legais e normativas.<\/p><h6><strong>Quais s\u00e3o as minhas responsabilidades?<\/strong><\/h6><h6><strong>Dados de terceiros<\/strong><\/h6><p>Voc\u00ea deve ter extrema cautela ao compartilhar com a Jaguar Pl\u00e1sticos dados dos quais voc\u00ea n\u00e3o seja o titular. Da mesma forma que n\u00f3s respeitamos a sua privacidade, voc\u00ea deve respeitar a privacidade daqueles pr\u00f3ximos a voc\u00ea, ou aqueles de quem voc\u00ea tenha acesso aos dados. Se tiver d\u00favidas quanto ao consentimento desse terceiro para compartilhamento dos dados, n\u00e3o os compartilhe.<\/p><h6><strong>Cookies<\/strong><\/h6><p>Nosso site usa cookies. Um cookie \u00e9 um arquivo que cont\u00e9m um identificador (uma sequ\u00eancia de letras e n\u00fameros) enviados por um servidor da web para um navegador da web e armazenados pelo navegador. O identificador \u00e9, ent\u00e3o, enviado de volta ao servidor sempre que o navegador solicita uma p\u00e1gina do servidor. Os cookies podem ser cookies \u201cpersistentes\u201d ou Cookies de \u201csess\u00e3o\u201d: um cookie persistente ser\u00e1 armazenado por um navegador da web e permanecer\u00e1 v\u00e1lido at\u00e9 a data de vencimento definida, a menos que seja exclu\u00eddo pelo usu\u00e1rio antes do vencimento; um cookie de sess\u00e3o, por outro lado, expirar\u00e1 ao final da sess\u00e3o do usu\u00e1rio, quando o navegador da web estiver fechado. Os cookies, normalmente, n\u00e3o cont\u00eam nenhuma informa\u00e7\u00e3o que identifica, pessoalmente, um usu\u00e1rio, mas as informa\u00e7\u00f5es pessoais que armazenamos sobre voc\u00ea podem estar vinculadas \u00e0s informa\u00e7\u00f5es armazenadas e obtidas de cookies.<\/p><h6><strong>Como fa\u00e7o para n\u00e3o compartilhar os meus dados?<\/strong><\/h6><p>Os nomes dos cookies, que usamos em nosso site e os prop\u00f3sitos para que s\u00e3o usados, est\u00e3o descritos abaixo:Usamos scripts de plataformas parceiras em nosso site para reconhecer um computador quando um usu\u00e1rio visita o site; acompanhar os usu\u00e1rios enquanto eles navegam no site; melhorar a usabilidade do site; analisar o uso do site; administrar o site; evitar fraudes e melhorar a seguran\u00e7a do site; destino que possa ser de particular interesse para usu\u00e1rios espec\u00edficos.A maioria dos navegadores permite que voc\u00ea se recuse a aceitar cookies, por exemplo:<\/p><ul><li>No Internet Explorer (vers\u00e3o 10), voc\u00ea pode bloquear cookies usando as configura\u00e7\u00f5es de substitui\u00e7\u00e3o de manipula\u00e7\u00e3o de cookies dispon\u00edveis clicando em \u201cFerramentas\u201d, \u201cOp\u00e7\u00f5es da Internet\u201d, \u201cPrivacidade\u201d e, depois, \u201cAvan\u00e7ado\u201d.<\/li><\/ul><ul><li>No Firefox (vers\u00e3o 24), voc\u00ea pode bloquear todos os cookies clicando em \u201cFerramentas\u201d, \u201cOp\u00e7\u00f5es\u201d, \u201cPrivacidade\u201d, selecione \u201cUsar configura\u00e7\u00f5es personalizadas para o hist\u00f3rico\u201d no menu suspenso e desmarcando \u201cAceitar cookies de sites\u201d.<\/li><\/ul><ul><li>No Chrome (vers\u00e3o 87), voc\u00ea pode bloquear todos os cookies acessando o menu \u201cConfigura\u00e7\u00f5es\u201d e clicar em \u201cPrivacidade e Seguran\u00e7a\u201d, posteriormente em \u201cCookies e outros dados do site\u201d e, em seguida, selecionar \u201cBloquear todos os cookies (n\u00e3o recomendado)\u201d.<\/li><\/ul><ul><li>O bloqueio de todos os cookies ter\u00e1 um impacto negativo no uso de muitos sites. Se voc\u00ea bloquear os cookies, poder\u00e1 resultar na n\u00e3o utiliza\u00e7\u00e3o de todos os recursos dispon\u00edveis.<\/li><\/ul><h6><strong>N\u00e3o entendi essas pol\u00edticas. O que fa\u00e7o?<\/strong><\/h6><p>Na elabora\u00e7\u00e3o dessas pol\u00edticas, a Jaguar Pl\u00e1sticos buscou comunic\u00e1-las com o maior n\u00edvel de simplicidade e clareza, o que \u00e0s vezes se mostra dif\u00edcil diante da qualidade de informa\u00e7\u00f5es que consideramos importante colocar \u00e0 sua disposi\u00e7\u00e3o. Se, por qualquer raz\u00e3o, voc\u00ea considerar que alguma informa\u00e7\u00e3o n\u00e3o se mostrou clara, ou que precisa de algum n\u00edvel maior de detalhamento, n\u00e3o hesite em nos contatar por meio de nosso servi\u00e7o de atendimento.<\/p><h6><strong>Legisla\u00e7\u00e3o<\/strong><\/h6><ul><li>C\u00f3digo Civil (Lei n\u00ba 10.406\/2002).<br \/>\u2022 Lei Geral de Prote\u00e7\u00e3o de Dados Pessoais (LGPD) (Lei n\u00ba 13.709\/2018).<\/li><li>Marco Civil da Internet (Lei n\u00ba 12.965\/2014) e sua Regulamenta\u00e7\u00e3o (Decreto n\u00ba 8.771\/2016).<\/li><\/ul><div>\u00a0<\/div><h6><b>TRATAMENTO DE DADOS PESSOAIS<\/b><\/h6><p>Emanuel Freitas<br \/>Telefone: (19) 3311-2831<br \/>E-mail:<b>\u00a0<a href=\"mailto:protecao.dados@jaguar.ind.br\">protecao.dados@jaguar.ind.br<\/a><\/b><\/p><\/div><\/div><\/div>\t\t\t\t\t\t\t\t<\/div>\n\t\t\t\t<\/div>\n\t\t\t\t<\/div>\n\t\t\t\t\t<\/div>\n\t\t\t\t<\/div>\n\t\t\t\t<\/div>","protected":false},"excerpt":{"rendered":"<p>Este \u00e9 o nosso compromisso com a prote\u00e7\u00e3o dos seus dados pessoais. Pol\u00edtica de Privacidade Este \u00e9 o nosso compromisso com a prote\u00e7\u00e3o dos seus dados pessoais. A privacidade dos visitantes do nosso site \u00e9 muito importante e estamos comprometidos em salvaguard\u00e1-la. Esta Pol\u00edtica de Privacidade explica o que fazemos com a sua informa\u00e7\u00e3o pessoal.\u00a0 [&hellip;]<\/p>","protected":false},"author":1,"featured_media":0,"parent":0,"menu_order":0,"comment_status":"closed","ping_status":"closed","template":"elementor_header_footer","meta":{"_joinchat":[],"footnotes":""},"class_list":["post-294","page","type-page","status-publish","hentry"],"_links":{"self":[{"href":"https:\/\/jaguarembalagens.com.br\/en\/wp-json\/wp\/v2\/pages\/294","targetHints":{"allow":["GET"]}}],"collection":[{"href":"https:\/\/jaguarembalagens.com.br\/en\/wp-json\/wp\/v2\/pages"}],"about":[{"href":"https:\/\/jaguarembalagens.com.br\/en\/wp-json\/wp\/v2\/types\/page"}],"author":[{"embeddable":true,"href":"https:\/\/jaguarembalagens.com.br\/en\/wp-json\/wp\/v2\/users\/1"}],"replies":[{"embeddable":true,"href":"https:\/\/jaguarembalagens.com.br\/en\/wp-json\/wp\/v2\/comments?post=294"}],"version-history":[{"count":0,"href":"https:\/\/jaguarembalagens.com.br\/en\/wp-json\/wp\/v2\/pages\/294\/revisions"}],"wp:attachment":[{"href":"https:\/\/jaguarembalagens.com.br\/en\/wp-json\/wp\/v2\/media?parent=294"}],"curies":[{"name":"wp","href":"https:\/\/api.w.org\/{rel}","templated":true}]}}