{"id":17461,"date":"2025-07-24T12:36:06","date_gmt":"2025-07-24T12:36:06","guid":{"rendered":"https:\/\/jaguarembalagens.com.br\/?page_id=17126"},"modified":"2026-01-19T14:50:52","modified_gmt":"2026-01-19T14:50:52","slug":"personalize-sua-embalagem","status":"publish","type":"page","link":"https:\/\/jaguarembalagens.com.br\/en\/personalize-sua-embalagem\/","title":{"rendered":"Customize your packaging"},"content":{"rendered":"<div data-elementor-type=\"wp-page\" data-elementor-id=\"17461\" class=\"elementor elementor-17461\" data-elementor-post-type=\"page\">\n\t\t\t\t<div class=\"elementor-element elementor-element-a7977da e-con-full elementor-hidden-mobile e-flex e-con e-parent\" data-id=\"a7977da\" data-element_type=\"container\" data-settings=\"{&quot;background_background&quot;:&quot;classic&quot;}\">\n\t\t\t\t<div class=\"elementor-element elementor-element-c798284 elementor-arrows-position-inside elementor-widget elementor-widget-n-carousel\" data-id=\"c798284\" data-element_type=\"widget\" data-settings=\"{&quot;carousel_items&quot;:[{&quot;_id&quot;:&quot;9543cf3&quot;,&quot;slide_title&quot;:&quot;Slide #2&quot;}],&quot;slides_to_show&quot;:&quot;1&quot;,&quot;slides_to_show_tablet&quot;:&quot;2&quot;,&quot;slides_to_show_mobile&quot;:&quot;1&quot;,&quot;autoplay&quot;:&quot;yes&quot;,&quot;autoplay_speed&quot;:5000,&quot;pause_on_hover&quot;:&quot;yes&quot;,&quot;pause_on_interaction&quot;:&quot;yes&quot;,&quot;infinite&quot;:&quot;yes&quot;,&quot;speed&quot;:500,&quot;offset_sides&quot;:&quot;none&quot;,&quot;arrows&quot;:&quot;yes&quot;,&quot;image_spacing_custom&quot;:{&quot;unit&quot;:&quot;px&quot;,&quot;size&quot;:10,&quot;sizes&quot;:[]},&quot;image_spacing_custom_tablet&quot;:{&quot;unit&quot;:&quot;px&quot;,&quot;size&quot;:&quot;&quot;,&quot;sizes&quot;:[]},&quot;image_spacing_custom_mobile&quot;:{&quot;unit&quot;:&quot;px&quot;,&quot;size&quot;:&quot;&quot;,&quot;sizes&quot;:[]}}\" data-widget_type=\"nested-carousel.default\">\n\t\t\t\t<div class=\"elementor-widget-container\">\n\t\t\t\t\t\t\t<div class=\"e-n-carousel swiper\" role=\"region\" aria-roledescription=\"carousel\" aria-label=\"Carousel\" dir=\"ltr\">\r\n\t\t\t<div class=\"swiper-wrapper\" aria-live=\"off\">\r\n\t\t\t\t\t\t\t\t\t\t<div class=\"swiper-slide\" data-slide=\"1\" role=\"group\" aria-roledescription=\"slide\" aria-label=\"1 of 1\">\r\n\t\t\t\t\t\t\t<div class=\"elementor-element elementor-element-0bc3a0d e-con-full e-flex e-con e-child\" data-id=\"0bc3a0d\" data-element_type=\"container\">\n\t\t<div class=\"elementor-element elementor-element-c09caa1 e-con-full e-flex e-con e-child\" data-id=\"c09caa1\" data-element_type=\"container\" data-settings=\"{&quot;background_background&quot;:&quot;classic&quot;}\">\n\t\t<div class=\"elementor-element elementor-element-2624efd e-con-full e-flex elementor-invisible e-con e-child\" data-id=\"2624efd\" data-element_type=\"container\" data-settings=\"{&quot;animation&quot;:&quot;fadeInRight&quot;,&quot;background_background&quot;:&quot;classic&quot;}\">\n\t\t\t\t<div class=\"elementor-element elementor-element-9a098af elementor-widget elementor-widget-heading\" data-id=\"9a098af\" data-element_type=\"widget\" data-settings=\"{&quot;_animation&quot;:&quot;none&quot;}\" data-widget_type=\"heading.default\">\n\t\t\t\t<div class=\"elementor-widget-container\">\n\t\t\t\t\t<h6 class=\"elementor-heading-title elementor-size-default\">Customize your packaging<\/h6>\t\t\t\t<\/div>\n\t\t\t\t<\/div>\n\t\t\t\t<div class=\"elementor-element elementor-element-184d9c7 elementor-widget__width-initial elementor-widget elementor-widget-text-editor\" data-id=\"184d9c7\" data-element_type=\"widget\" data-settings=\"{&quot;_animation&quot;:&quot;none&quot;,&quot;_animation_delay&quot;:240}\" data-widget_type=\"text-editor.default\">\n\t\t\t\t<div class=\"elementor-widget-container\">\n\t\t\t\t\t\t\t\t\t<p>Sua embalagem merece uma <strong>impress\u00e3o de qualidade<\/strong>. Estamos prontos para atender o seu projeto, seja qual for sua necessidade na hora de personalizar sua embalagem.<\/p>\t\t\t\t\t\t\t\t<\/div>\n\t\t\t\t<\/div>\n\t\t\t\t<\/div>\n\t\t<div class=\"elementor-element elementor-element-9970b24 e-con-full e-flex elementor-invisible e-con e-child\" data-id=\"9970b24\" data-element_type=\"container\" data-settings=\"{&quot;animation&quot;:&quot;fadeInLeft&quot;,&quot;background_background&quot;:&quot;classic&quot;}\">\n\t\t\t\t<\/div>\n\t\t\t\t<\/div>\n\t\t\t\t<\/div>\n\t\t\t\t\t\t\t\t<\/div>\r\n\t\t\t\t\t\t\t\t<\/div>\r\n\t\t<\/div>\r\n\t\t\t\t\t\t<\/div>\n\t\t\t\t<\/div>\n\t\t\t\t<\/div>\n\t\t<div class=\"elementor-element elementor-element-38821ce e-con-full elementor-hidden-desktop elementor-hidden-tablet e-flex e-con e-parent\" data-id=\"38821ce\" data-element_type=\"container\" data-settings=\"{&quot;background_background&quot;:&quot;classic&quot;}\">\n\t\t\t\t<div class=\"elementor-element elementor-element-23513ae elementor-arrows-position-inside elementor-widget elementor-widget-n-carousel\" data-id=\"23513ae\" data-element_type=\"widget\" data-settings=\"{&quot;carousel_items&quot;:[{&quot;_id&quot;:&quot;9543cf3&quot;,&quot;slide_title&quot;:&quot;Slide #2&quot;}],&quot;slides_to_show&quot;:&quot;1&quot;,&quot;slides_to_show_tablet&quot;:&quot;2&quot;,&quot;slides_to_show_mobile&quot;:&quot;1&quot;,&quot;autoplay&quot;:&quot;yes&quot;,&quot;autoplay_speed&quot;:5000,&quot;pause_on_hover&quot;:&quot;yes&quot;,&quot;pause_on_interaction&quot;:&quot;yes&quot;,&quot;infinite&quot;:&quot;yes&quot;,&quot;speed&quot;:500,&quot;offset_sides&quot;:&quot;none&quot;,&quot;arrows&quot;:&quot;yes&quot;,&quot;image_spacing_custom&quot;:{&quot;unit&quot;:&quot;px&quot;,&quot;size&quot;:10,&quot;sizes&quot;:[]},&quot;image_spacing_custom_tablet&quot;:{&quot;unit&quot;:&quot;px&quot;,&quot;size&quot;:&quot;&quot;,&quot;sizes&quot;:[]},&quot;image_spacing_custom_mobile&quot;:{&quot;unit&quot;:&quot;px&quot;,&quot;size&quot;:&quot;&quot;,&quot;sizes&quot;:[]}}\" data-widget_type=\"nested-carousel.default\">\n\t\t\t\t<div class=\"elementor-widget-container\">\n\t\t\t\t\t\t\t<div class=\"e-n-carousel swiper\" role=\"region\" aria-roledescription=\"carousel\" aria-label=\"Carousel\" dir=\"ltr\">\r\n\t\t\t<div class=\"swiper-wrapper\" aria-live=\"off\">\r\n\t\t\t\t\t\t\t\t\t\t<div class=\"swiper-slide\" data-slide=\"1\" role=\"group\" aria-roledescription=\"slide\" aria-label=\"1 of 1\">\r\n\t\t\t\t\t\t\t<div class=\"elementor-element elementor-element-97d2ef1 e-con-full e-flex e-con e-child\" data-id=\"97d2ef1\" data-element_type=\"container\">\n\t\t<div class=\"elementor-element elementor-element-d0068cc e-con-full e-flex e-con e-child\" data-id=\"d0068cc\" data-element_type=\"container\" data-settings=\"{&quot;background_background&quot;:&quot;classic&quot;}\">\n\t\t<div class=\"elementor-element elementor-element-bf3455f e-con-full e-flex elementor-invisible e-con e-child\" data-id=\"bf3455f\" data-element_type=\"container\" data-settings=\"{&quot;animation&quot;:&quot;fadeInRight&quot;,&quot;background_background&quot;:&quot;classic&quot;}\">\n\t\t\t\t<div class=\"elementor-element elementor-element-eac9110 elementor-invisible elementor-widget elementor-widget-heading\" data-id=\"eac9110\" data-element_type=\"widget\" data-settings=\"{&quot;_animation&quot;:&quot;fadeInUp&quot;}\" data-widget_type=\"heading.default\">\n\t\t\t\t<div class=\"elementor-widget-container\">\n\t\t\t\t\t<h6 class=\"elementor-heading-title elementor-size-default\">Customize your packaging<\/h6>\t\t\t\t<\/div>\n\t\t\t\t<\/div>\n\t\t\t\t<div class=\"elementor-element elementor-element-718b30b elementor-widget__width-initial elementor-widget elementor-widget-text-editor\" data-id=\"718b30b\" data-element_type=\"widget\" data-settings=\"{&quot;_animation&quot;:&quot;none&quot;,&quot;_animation_delay&quot;:240}\" data-widget_type=\"text-editor.default\">\n\t\t\t\t<div class=\"elementor-widget-container\">\n\t\t\t\t\t\t\t\t\t<p>Sua embalagem merece uma impress\u00e3o de qualidade. Estamos prontos para atender o seu projeto, seja qual for sua necessidade na hora de personalizar sua embalagem.<\/p>\t\t\t\t\t\t\t\t<\/div>\n\t\t\t\t<\/div>\n\t\t\t\t<\/div>\n\t\t<div class=\"elementor-element elementor-element-a1bd69e e-con-full e-flex elementor-invisible e-con e-child\" data-id=\"a1bd69e\" data-element_type=\"container\" data-settings=\"{&quot;animation&quot;:&quot;fadeInLeft&quot;,&quot;background_background&quot;:&quot;classic&quot;}\">\n\t\t\t\t<div class=\"elementor-element elementor-element-623f945 elementor-widget elementor-widget-image\" data-id=\"623f945\" data-element_type=\"widget\" data-widget_type=\"image.default\">\n\t\t\t\t<div class=\"elementor-widget-container\">\n\t\t\t\t\t\t\t\t\t\t\t\t\t\t\t<img fetchpriority=\"high\" decoding=\"async\" width=\"1037\" height=\"387\" src=\"https:\/\/jaguarembalagens.com.br\/wp-content\/uploads\/2025\/07\/JAGUAR_PRJ_1322_22_ATUALIZACAO_SITES_JE_PERSONALIZACAO-1-e1753361438362.jpg\" class=\"attachment-full size-full wp-image-17129\" alt=\"\" srcset=\"https:\/\/jaguarembalagens.com.br\/wp-content\/uploads\/2025\/07\/JAGUAR_PRJ_1322_22_ATUALIZACAO_SITES_JE_PERSONALIZACAO-1-e1753361438362.jpg 1037w, https:\/\/jaguarembalagens.com.br\/wp-content\/uploads\/2025\/07\/JAGUAR_PRJ_1322_22_ATUALIZACAO_SITES_JE_PERSONALIZACAO-1-e1753361438362-300x112.jpg 300w, https:\/\/jaguarembalagens.com.br\/wp-content\/uploads\/2025\/07\/JAGUAR_PRJ_1322_22_ATUALIZACAO_SITES_JE_PERSONALIZACAO-1-e1753361438362-1024x382.jpg 1024w, https:\/\/jaguarembalagens.com.br\/wp-content\/uploads\/2025\/07\/JAGUAR_PRJ_1322_22_ATUALIZACAO_SITES_JE_PERSONALIZACAO-1-e1753361438362-768x287.jpg 768w, https:\/\/jaguarembalagens.com.br\/wp-content\/uploads\/2025\/07\/JAGUAR_PRJ_1322_22_ATUALIZACAO_SITES_JE_PERSONALIZACAO-1-e1753361438362-600x224.jpg 600w\" sizes=\"(max-width: 1037px) 100vw, 1037px\" \/>\t\t\t\t\t\t\t\t\t\t\t\t\t\t\t<\/div>\n\t\t\t\t<\/div>\n\t\t\t\t<\/div>\n\t\t\t\t<\/div>\n\t\t\t\t<\/div>\n\t\t\t\t\t\t\t\t<\/div>\r\n\t\t\t\t\t\t\t\t<\/div>\r\n\t\t<\/div>\r\n\t\t\t\t\t\t<\/div>\n\t\t\t\t<\/div>\n\t\t\t\t<\/div>\n\t\t<div class=\"elementor-element elementor-element-27e6338 e-flex e-con-boxed e-con e-parent\" data-id=\"27e6338\" data-element_type=\"container\">\n\t\t\t\t\t<div class=\"e-con-inner\">\n\t\t<div class=\"elementor-element elementor-element-e6685ac e-con-full e-flex e-con e-child\" data-id=\"e6685ac\" data-element_type=\"container\">\n\t\t\t\t<div class=\"elementor-element elementor-element-2fd8f16 elementor-widget-mobile__width-initial elementor-widget elementor-widget-image\" data-id=\"2fd8f16\" data-element_type=\"widget\" data-widget_type=\"image.default\">\n\t\t\t\t<div class=\"elementor-widget-container\">\n\t\t\t\t\t\t\t\t\t\t\t\t\t\t\t<img decoding=\"async\" width=\"500\" height=\"300\" src=\"https:\/\/jaguarembalagens.com.br\/wp-content\/uploads\/2025\/10\/1.png\" class=\"attachment-large size-large wp-image-18194\" alt=\"\" srcset=\"https:\/\/jaguarembalagens.com.br\/wp-content\/uploads\/2025\/10\/1.png 500w, https:\/\/jaguarembalagens.com.br\/wp-content\/uploads\/2025\/10\/1-300x180.png 300w, https:\/\/jaguarembalagens.com.br\/wp-content\/uploads\/2025\/10\/1-18x12.png 18w\" sizes=\"(max-width: 500px) 100vw, 500px\" \/>\t\t\t\t\t\t\t\t\t\t\t\t\t\t\t<\/div>\n\t\t\t\t<\/div>\n\t\t\t\t<\/div>\n\t\t<div class=\"elementor-element elementor-element-503ac1b e-con-full e-flex e-con e-child\" data-id=\"503ac1b\" data-element_type=\"container\">\n\t\t\t\t<div class=\"elementor-element elementor-element-6033fa8 elementor-widget elementor-widget-heading\" data-id=\"6033fa8\" data-element_type=\"widget\" data-settings=\"{&quot;_animation&quot;:&quot;none&quot;}\" data-widget_type=\"heading.default\">\n\t\t\t\t<div class=\"elementor-widget-container\">\n\t\t\t\t\t<h6 class=\"elementor-heading-title elementor-size-default\">OFFSET<\/h6>\t\t\t\t<\/div>\n\t\t\t\t<\/div>\n\t\t\t\t<div class=\"elementor-element elementor-element-431f9ac elementor-widget__width-initial elementor-widget elementor-widget-text-editor\" data-id=\"431f9ac\" data-element_type=\"widget\" data-settings=\"{&quot;_animation&quot;:&quot;none&quot;,&quot;_animation_delay&quot;:240}\" data-widget_type=\"text-editor.default\">\n\t\t\t\t<div class=\"elementor-widget-container\">\n\t\t\t\t\t\t\t\t\t<p><span class=\"a_GcMg font-feature-liga-off font-feature-clig-off font-feature-calt-off text-decoration-none text-strikethrough-none\">\u2022 Maior flexibilidade e velocidade. <\/span><\/p><p><span class=\"a_GcMg font-feature-liga-off font-feature-clig-off font-feature-calt-off text-decoration-none text-strikethrough-none\">\u2022 Imagem de qualidade com maior economia. <\/span><\/p><p><span class=\"a_GcMg font-feature-liga-off font-feature-clig-off font-feature-calt-off text-decoration-none text-strikethrough-none\">\u2022 At\u00e9 4 cores.<\/span><\/p>\t\t\t\t\t\t\t\t<\/div>\n\t\t\t\t<\/div>\n\t\t\t\t<\/div>\n\t\t\t\t\t<\/div>\n\t\t\t\t<\/div>\n\t\t<div class=\"elementor-element elementor-element-2c5bb07 e-flex e-con-boxed e-con e-parent\" data-id=\"2c5bb07\" data-element_type=\"container\">\n\t\t\t\t\t<div class=\"e-con-inner\">\n\t\t<div class=\"elementor-element elementor-element-f070244 e-con-full e-flex e-con e-child\" data-id=\"f070244\" data-element_type=\"container\">\n\t\t\t\t<div class=\"elementor-element elementor-element-4a7e7c1 elementor-widget-mobile__width-initial elementor-widget elementor-widget-image\" data-id=\"4a7e7c1\" data-element_type=\"widget\" data-widget_type=\"image.default\">\n\t\t\t\t<div class=\"elementor-widget-container\">\n\t\t\t\t\t\t\t\t\t\t\t\t\t\t\t<img decoding=\"async\" width=\"500\" height=\"300\" src=\"https:\/\/jaguarembalagens.com.br\/wp-content\/uploads\/2025\/10\/2.png\" class=\"attachment-large size-large wp-image-18195\" alt=\"\" srcset=\"https:\/\/jaguarembalagens.com.br\/wp-content\/uploads\/2025\/10\/2.png 500w, https:\/\/jaguarembalagens.com.br\/wp-content\/uploads\/2025\/10\/2-300x180.png 300w, https:\/\/jaguarembalagens.com.br\/wp-content\/uploads\/2025\/10\/2-18x12.png 18w\" sizes=\"(max-width: 500px) 100vw, 500px\" \/>\t\t\t\t\t\t\t\t\t\t\t\t\t\t\t<\/div>\n\t\t\t\t<\/div>\n\t\t\t\t<\/div>\n\t\t<div class=\"elementor-element elementor-element-023dacb e-con-full e-flex e-con e-child\" data-id=\"023dacb\" data-element_type=\"container\">\n\t\t\t\t<div class=\"elementor-element elementor-element-8f831a4 elementor-widget elementor-widget-heading\" data-id=\"8f831a4\" data-element_type=\"widget\" data-settings=\"{&quot;_animation&quot;:&quot;none&quot;}\" data-widget_type=\"heading.default\">\n\t\t\t\t<div class=\"elementor-widget-container\">\n\t\t\t\t\t<h6 class=\"elementor-heading-title elementor-size-default\">IN MOLD LABEL\u200b\n<\/h6>\t\t\t\t<\/div>\n\t\t\t\t<\/div>\n\t\t\t\t<div class=\"elementor-element elementor-element-c1e9d49 elementor-widget__width-initial elementor-widget elementor-widget-text-editor\" data-id=\"c1e9d49\" data-element_type=\"widget\" data-settings=\"{&quot;_animation&quot;:&quot;none&quot;,&quot;_animation_delay&quot;:240}\" data-widget_type=\"text-editor.default\">\n\t\t\t\t<div class=\"elementor-widget-container\">\n\t\t\t\t\t\t\t\t\t<p><span class=\"a_GcMg font-feature-liga-off font-feature-clig-off font-feature-calt-off text-decoration-none text-strikethrough-none\">\u2022 Estampa definitiva. <\/span><\/p><p><span class=\"a_GcMg font-feature-liga-off font-feature-clig-off font-feature-calt-off text-decoration-none text-strikethrough-none\">\u2022 \u00c1rea 100% aproveit\u00e1vel. <\/span><\/p><p><span class=\"a_GcMg font-feature-liga-off font-feature-clig-off font-feature-calt-off text-decoration-none text-strikethrough-none\">\u2022 Maior valoriza\u00e7\u00e3o da sua marca. <\/span><\/p><p><span class=\"a_GcMg font-feature-liga-off font-feature-clig-off font-feature-calt-off text-decoration-none text-strikethrough-none\">\u2022 Facilita a reciclagem eliminando r\u00f3tulos em papel. <\/span><\/p><p><span class=\"a_GcMg font-feature-liga-off font-feature-clig-off font-feature-calt-off text-decoration-none text-strikethrough-none\">\u2022 At\u00e9 8 cores.<\/span><\/p>\t\t\t\t\t\t\t\t<\/div>\n\t\t\t\t<\/div>\n\t\t\t\t<\/div>\n\t\t\t\t\t<\/div>\n\t\t\t\t<\/div>\n\t\t<div class=\"elementor-element elementor-element-741e3ab e-flex e-con-boxed e-con e-parent\" data-id=\"741e3ab\" data-element_type=\"container\">\n\t\t\t\t\t<div class=\"e-con-inner\">\n\t\t<div class=\"elementor-element elementor-element-5953b49 e-con-full e-flex e-con e-child\" data-id=\"5953b49\" data-element_type=\"container\">\n\t\t\t\t<div class=\"elementor-element elementor-element-4ea3cb0 elementor-widget-mobile__width-initial elementor-widget elementor-widget-image\" data-id=\"4ea3cb0\" data-element_type=\"widget\" data-widget_type=\"image.default\">\n\t\t\t\t<div class=\"elementor-widget-container\">\n\t\t\t\t\t\t\t\t\t\t\t\t\t\t\t<img loading=\"lazy\" decoding=\"async\" width=\"500\" height=\"300\" src=\"https:\/\/jaguarembalagens.com.br\/wp-content\/uploads\/2025\/10\/3.png\" class=\"attachment-large size-large wp-image-18196\" alt=\"\" srcset=\"https:\/\/jaguarembalagens.com.br\/wp-content\/uploads\/2025\/10\/3.png 500w, https:\/\/jaguarembalagens.com.br\/wp-content\/uploads\/2025\/10\/3-300x180.png 300w, https:\/\/jaguarembalagens.com.br\/wp-content\/uploads\/2025\/10\/3-18x12.png 18w\" sizes=\"(max-width: 500px) 100vw, 500px\" \/>\t\t\t\t\t\t\t\t\t\t\t\t\t\t\t<\/div>\n\t\t\t\t<\/div>\n\t\t\t\t<\/div>\n\t\t<div class=\"elementor-element elementor-element-792b47c e-con-full e-flex e-con e-child\" data-id=\"792b47c\" data-element_type=\"container\">\n\t\t\t\t<div class=\"elementor-element elementor-element-908a125 elementor-widget elementor-widget-heading\" data-id=\"908a125\" data-element_type=\"widget\" data-settings=\"{&quot;_animation&quot;:&quot;none&quot;}\" data-widget_type=\"heading.default\">\n\t\t\t\t<div class=\"elementor-widget-container\">\n\t\t\t\t\t<h6 class=\"elementor-heading-title elementor-size-default\">R\u00d3TULO ADESIVO<\/h6>\t\t\t\t<\/div>\n\t\t\t\t<\/div>\n\t\t\t\t<div class=\"elementor-element elementor-element-f1c98c3 elementor-widget__width-initial elementor-widget elementor-widget-text-editor\" data-id=\"f1c98c3\" data-element_type=\"widget\" data-settings=\"{&quot;_animation&quot;:&quot;none&quot;,&quot;_animation_delay&quot;:240}\" data-widget_type=\"text-editor.default\">\n\t\t\t\t<div class=\"elementor-widget-container\">\n\t\t\t\t\t\t\t\t\t<p><span class=\"a_GcMg font-feature-liga-off font-feature-clig-off font-feature-calt-off text-decoration-none text-strikethrough-none\">R\u00f3tulo adesivo em papel ou pl\u00e1stico, com alta qualidade de impress\u00e3o, facilidade na retirada e aplica\u00e7\u00e3o totalmente autom\u00e1tica, um diferencial para o mercado aliment\u00edcio.<\/span><\/p>\t\t\t\t\t\t\t\t<\/div>\n\t\t\t\t<\/div>\n\t\t\t\t<\/div>\n\t\t\t\t\t<\/div>\n\t\t\t\t<\/div>\n\t\t<div class=\"elementor-element elementor-element-8e8d391 e-flex e-con-boxed e-con e-parent\" data-id=\"8e8d391\" data-element_type=\"container\">\n\t\t\t\t\t<div class=\"e-con-inner\">\n\t\t<div class=\"elementor-element elementor-element-d0586cc e-con-full e-flex e-con e-child\" data-id=\"d0586cc\" data-element_type=\"container\">\n\t\t\t\t<div class=\"elementor-element elementor-element-3025abc elementor-widget-mobile__width-initial elementor-widget elementor-widget-image\" data-id=\"3025abc\" data-element_type=\"widget\" data-widget_type=\"image.default\">\n\t\t\t\t<div class=\"elementor-widget-container\">\n\t\t\t\t\t\t\t\t\t\t\t\t\t\t\t<img loading=\"lazy\" decoding=\"async\" width=\"500\" height=\"300\" src=\"https:\/\/jaguarembalagens.com.br\/wp-content\/uploads\/2025\/10\/4.png\" class=\"attachment-large size-large wp-image-18197\" alt=\"\" srcset=\"https:\/\/jaguarembalagens.com.br\/wp-content\/uploads\/2025\/10\/4.png 500w, https:\/\/jaguarembalagens.com.br\/wp-content\/uploads\/2025\/10\/4-300x180.png 300w, https:\/\/jaguarembalagens.com.br\/wp-content\/uploads\/2025\/10\/4-18x12.png 18w\" sizes=\"(max-width: 500px) 100vw, 500px\" \/>\t\t\t\t\t\t\t\t\t\t\t\t\t\t\t<\/div>\n\t\t\t\t<\/div>\n\t\t\t\t<\/div>\n\t\t<div class=\"elementor-element elementor-element-989f2ef e-con-full e-flex e-con e-child\" data-id=\"989f2ef\" data-element_type=\"container\">\n\t\t\t\t<div class=\"elementor-element elementor-element-f58842b elementor-widget elementor-widget-heading\" data-id=\"f58842b\" data-element_type=\"widget\" data-settings=\"{&quot;_animation&quot;:&quot;none&quot;}\" data-widget_type=\"heading.default\">\n\t\t\t\t<div class=\"elementor-widget-container\">\n\t\t\t\t\t<h6 class=\"elementor-heading-title elementor-size-default\">R\u00d3TULO MANGA\n<\/h6>\t\t\t\t<\/div>\n\t\t\t\t<\/div>\n\t\t\t\t<div class=\"elementor-element elementor-element-8be3e7c elementor-widget__width-initial elementor-widget elementor-widget-text-editor\" data-id=\"8be3e7c\" data-element_type=\"widget\" data-settings=\"{&quot;_animation&quot;:&quot;none&quot;,&quot;_animation_delay&quot;:240}\" data-widget_type=\"text-editor.default\">\n\t\t\t\t<div class=\"elementor-widget-container\">\n\t\t\t\t\t\t\t\t\t<p>Filme de polietileno de baixa densidade, possui benef\u00edcios para quem se preocupa com a qualidade e funcionalidade dos seus r\u00f3tulos. Entre as principais, podemos destacar: Versatilidade de impress\u00e3o, facilidade de aplicar e remover (Possibilita o reuso da embalagem) e alta efici\u00eancia com baixo custo de manuten\u00e7\u00e3o.<\/p>\t\t\t\t\t\t\t\t<\/div>\n\t\t\t\t<\/div>\n\t\t\t\t<\/div>\n\t\t\t\t\t<\/div>\n\t\t\t\t<\/div>\n\t\t\t\t<\/div>","protected":false},"excerpt":{"rendered":"<p>Sua embalagem merece uma impress\u00e3o de qualidade. Estamos prontos para atender o seu projeto, seja qual for sua necessidade na hora de personalizar sua embalagem. Sua embalagem merece uma impress\u00e3o de qualidade. Estamos prontos para atender o seu projeto, seja qual for sua necessidade na hora de personalizar sua embalagem. Sua embalagem merece uma impress\u00e3o [&hellip;]<\/p>","protected":false},"author":1,"featured_media":0,"parent":0,"menu_order":0,"comment_status":"closed","ping_status":"closed","template":"elementor_header_footer","meta":{"_joinchat":[],"footnotes":""},"class_list":["post-17461","page","type-page","status-publish","hentry"],"_links":{"self":[{"href":"https:\/\/jaguarembalagens.com.br\/en\/wp-json\/wp\/v2\/pages\/17461","targetHints":{"allow":["GET"]}}],"collection":[{"href":"https:\/\/jaguarembalagens.com.br\/en\/wp-json\/wp\/v2\/pages"}],"about":[{"href":"https:\/\/jaguarembalagens.com.br\/en\/wp-json\/wp\/v2\/types\/page"}],"author":[{"embeddable":true,"href":"https:\/\/jaguarembalagens.com.br\/en\/wp-json\/wp\/v2\/users\/1"}],"replies":[{"embeddable":true,"href":"https:\/\/jaguarembalagens.com.br\/en\/wp-json\/wp\/v2\/comments?post=17461"}],"version-history":[{"count":12,"href":"https:\/\/jaguarembalagens.com.br\/en\/wp-json\/wp\/v2\/pages\/17461\/revisions"}],"predecessor-version":[{"id":18668,"href":"https:\/\/jaguarembalagens.com.br\/en\/wp-json\/wp\/v2\/pages\/17461\/revisions\/18668"}],"wp:attachment":[{"href":"https:\/\/jaguarembalagens.com.br\/en\/wp-json\/wp\/v2\/media?parent=17461"}],"curies":[{"name":"wp","href":"https:\/\/api.w.org\/{rel}","templated":true}]}}